{"id":170,"date":"2018-05-10T16:54:28","date_gmt":"2018-05-10T14:54:28","guid":{"rendered":"https:\/\/kljb.fam-hannemann.de\/?page_id=170"},"modified":"2018-05-10T22:03:26","modified_gmt":"2018-05-10T20:03:26","slug":"aktionen-im-ueberblick","status":"publish","type":"page","link":"https:\/\/kljb-oedekoven.de\/?page_id=170","title":{"rendered":"Aktionen im \u00dcberblick"},"content":{"rendered":"<h3>Wir organisieren j\u00e4hrlich verschiedenste Aktionen<\/h3>\n<p>Wir engagieren uns ehrenamtlichen im Kinder- und Jugendbereich, der Kirche und dem Dorfleben.<\/p>\n<p>F\u00fcr Kinder- und Jugendliche bieten wir u.a. die Karnevals- und Halloweendisco, Aktions- und Thementage, wie den Wald-, Disney- oder M\u00e4dchentag und ganzt\u00e4gige Ausfl\u00fcge in Museen und Sporteinrichtungen an. Unsere gr\u00f6\u00dfte Aktion ist der Abenteuerspielplatz (ASP), der immer in den ersten beiden Sommerferienwochen stattfindet.<\/p>\n<p>Zu jeglichen Festen und Veranstaltungen im Umkreis k\u00fcmmern wir uns um die Betreuung der Kinder mit spannenden Spielen, Bastelaktionen und dem Kinderschminken.<\/p>\n<p>Zus\u00e4tzlich engagieren wir uns in der Kirche mit Fr\u00fch- und Sp\u00e4tschichten, sowie Messvorbereitungen. Zu Ostern laden wir zu unserer Agape ein und organisieren die Ostereiersuchaktion rund um die Kirche.<\/p>\n<p>Au\u00dferdem bringen wir uns mit verschiedenen Aktionen im Dorfleben ein. Unter anderem organisieren wir M\u00fcllsammelaktionen, Sanierung der Gr\u00fcnfl\u00e4chen, Besuche im Altenheim oder Flohm\u00e4rkten.<\/p>\n","protected":false},"excerpt":{"rendered":"<p>Wir organisieren j\u00e4hrlich verschiedenste Aktionen Wir engagieren uns ehrenamtlichen im Kinder- und Jugendbereich, der Kirche und dem Dorfleben. F\u00fcr Kinder- und Jugendliche bieten wir u.a. die Karnevals- und Halloweendisco, Aktions- und Thementage, wie den Wald-, Disney- oder M\u00e4dchentag und ganzt\u00e4gige Ausfl\u00fcge in Museen und Sporteinrichtungen an. Unsere gr\u00f6\u00dfte Aktion ist der Abenteuerspielplatz (ASP), der immer [&hellip;]<\/p>\n","protected":false},"author":2,"featured_media":0,"parent":6,"menu_order":0,"comment_status":"closed","ping_status":"closed","template":"","meta":[],"_links":{"self":[{"href":"https:\/\/kljb-oedekoven.de\/index.php?rest_route=\/wp\/v2\/pages\/170"}],"collection":[{"href":"https:\/\/kljb-oedekoven.de\/index.php?rest_route=\/wp\/v2\/pages"}],"about":[{"href":"https:\/\/kljb-oedekoven.de\/index.php?rest_route=\/wp\/v2\/types\/page"}],"author":[{"embeddable":true,"href":"https:\/\/kljb-oedekoven.de\/index.php?rest_route=\/wp\/v2\/users\/2"}],"replies":[{"embeddable":true,"href":"https:\/\/kljb-oedekoven.de\/index.php?rest_route=%2Fwp%2Fv2%2Fcomments&post=170"}],"version-history":[{"count":1,"href":"https:\/\/kljb-oedekoven.de\/index.php?rest_route=\/wp\/v2\/pages\/170\/revisions"}],"predecessor-version":[{"id":171,"href":"https:\/\/kljb-oedekoven.de\/index.php?rest_route=\/wp\/v2\/pages\/170\/revisions\/171"}],"up":[{"embeddable":true,"href":"https:\/\/kljb-oedekoven.de\/index.php?rest_route=\/wp\/v2\/pages\/6"}],"wp:attachment":[{"href":"https:\/\/kljb-oedekoven.de\/index.php?rest_route=%2Fwp%2Fv2%2Fmedia&parent=170"}],"curies":[{"name":"wp","href":"https:\/\/api.w.org\/{rel}","templated":true}]}}