{"id":172,"date":"2018-05-10T16:55:11","date_gmt":"2018-05-10T14:55:11","guid":{"rendered":"https:\/\/kljb.fam-hannemann.de\/?page_id=172"},"modified":"2021-02-28T14:21:23","modified_gmt":"2021-02-28T13:21:23","slug":"ortsgruppe-oedekoven","status":"publish","type":"page","link":"https:\/\/kljb-oedekoven.de\/?page_id=172","title":{"rendered":"Ortsgruppe Oedekoven"},"content":{"rendered":"<h3>Ortsgruppe Oedekoven<\/h3>\n<p>Die KLJB Oedekoven ist eine seit 1982 bestehende Jugendgruppe, die derzeit rund 60 aktive ehrenamtliche Mitglieder im Alter von 14-26 Jahren z\u00e4hlt und seit einigen Jahren als gemeinn\u00fctziger Verein eingetragen ist. Wir organisieren das ganze Jahr \u00fcber Kinder- und Jugendaktionen, wie unsere Karnevals- und Halloweendisco, den Wald-, Disney- oder M\u00e4dchentag, engagieren uns in der Kirche mit Fr\u00fch- und Sp\u00e4tschichten und Messvorbereitungen und beteiligen uns am gemeinschaftlichen Dorfleben mit M\u00fcllsammelaktionen, Sanierungen der umliegenden Gr\u00fcnfl\u00e4chen, Flohm\u00e4rkten oder Besuchen im Altenheim. Unser Highlight ist jedoch der Abenteuerspielplatz (ASP), der immer in den ersten beiden Sommerferienwochen stattfindet.<\/p>\n<p><a href=\"https:\/\/kljb-oedekoven.de\/wp-content\/uploads\/2021\/02\/satzung_kljb-Kopie.pdf\">Aktuelle Satzung des KLJB Oedekoven e. V.<\/a><\/p>\n","protected":false},"excerpt":{"rendered":"<p>Ortsgruppe Oedekoven Die KLJB Oedekoven ist eine seit 1982 bestehende Jugendgruppe, die derzeit rund 60 aktive ehrenamtliche Mitglieder im Alter von 14-26 Jahren z\u00e4hlt und seit einigen Jahren als gemeinn\u00fctziger Verein eingetragen ist. Wir organisieren das ganze Jahr \u00fcber Kinder- und Jugendaktionen, wie unsere Karnevals- und Halloweendisco, den Wald-, Disney- oder M\u00e4dchentag, engagieren uns in [&hellip;]<\/p>\n","protected":false},"author":2,"featured_media":0,"parent":4,"menu_order":0,"comment_status":"closed","ping_status":"closed","template":"","meta":[],"_links":{"self":[{"href":"https:\/\/kljb-oedekoven.de\/index.php?rest_route=\/wp\/v2\/pages\/172"}],"collection":[{"href":"https:\/\/kljb-oedekoven.de\/index.php?rest_route=\/wp\/v2\/pages"}],"about":[{"href":"https:\/\/kljb-oedekoven.de\/index.php?rest_route=\/wp\/v2\/types\/page"}],"author":[{"embeddable":true,"href":"https:\/\/kljb-oedekoven.de\/index.php?rest_route=\/wp\/v2\/users\/2"}],"replies":[{"embeddable":true,"href":"https:\/\/kljb-oedekoven.de\/index.php?rest_route=%2Fwp%2Fv2%2Fcomments&post=172"}],"version-history":[{"count":3,"href":"https:\/\/kljb-oedekoven.de\/index.php?rest_route=\/wp\/v2\/pages\/172\/revisions"}],"predecessor-version":[{"id":706,"href":"https:\/\/kljb-oedekoven.de\/index.php?rest_route=\/wp\/v2\/pages\/172\/revisions\/706"}],"up":[{"embeddable":true,"href":"https:\/\/kljb-oedekoven.de\/index.php?rest_route=\/wp\/v2\/pages\/4"}],"wp:attachment":[{"href":"https:\/\/kljb-oedekoven.de\/index.php?rest_route=%2Fwp%2Fv2%2Fmedia&parent=172"}],"curies":[{"name":"wp","href":"https:\/\/api.w.org\/{rel}","templated":true}]}}