{"id":317,"date":"2019-01-23T17:54:42","date_gmt":"2019-01-23T16:54:42","guid":{"rendered":"https:\/\/kljb-oedekoven.de\/?page_id=317"},"modified":"2020-03-10T12:06:41","modified_gmt":"2020-03-10T11:06:41","slug":"karnevalszug-impekoven","status":"publish","type":"page","link":"https:\/\/kljb-oedekoven.de\/?page_id=317","title":{"rendered":"Impekovener Karnevalszug 2020"},"content":{"rendered":"\n<p style=\"text-align:center\">Wir haben wieder am\nImpekovener Karnevalszug teilgenommen.<br>\nUnter dem Motto \u201eNe scheefe Dorfplatz es uns ejal, mir danze dodrup trotzd\u00e4m \u00f6m\nde Marterpfahl!\u201c sind wir als Indianer mit unserem Wagen durch die Stra\u00dfen gezogen.<\/p>\n\n\n\n<p style=\"text-align:center\">Bei herrlichem Sonnenschein und\nfr\u00fchlingshaften Temperaturen haben wir auf der Stra\u00dfe gefeiert und viele\nbekannte Gesichter am Wegesrand gesehen.<\/p>\n\n\n\n<p style=\"text-align:center\">Da wir besonderen Wert auf\nNachhaltigkeit legen und auch im Karneval einen Beitrag zum Umweltschutz leisten\nwollen, haben wir in diesem Jahr ganz besondere Kamelle verteilt.<\/p>\n\n\n\n<p style=\"text-align:center\">Dank einer 50%igen Kosten\u00fcbernahme durch <em>Franzis F\u00f6rderverein e.V. der KLJB im Erzbistum K\u00f6ln <\/em>konnten wir Fairtrade-Kamelle beim <em>Fair-Handelszentrum Rheinland<\/em> einkaufen. Au\u00dferdem haben wir an einer Aktion der Werbeagentur <em>Butterbrot&amp;Kaviar<\/em> teilgenommen und dadurch 30 Kamellebeutel erhalten, die wir am Stra\u00dfenrand verschenken konnten. Auch die <em>Firma Pinsdorf<\/em> unterst\u00fctzte uns mit Werbegeschenken. Durch das Verteilen von rund 1000 \u00c4pfeln des <em>Naturhof Wolfsberg<\/em>, einzelnen Zwiebeln, rund 900 selbstgepackten Saatt\u00fcten aus Papier und kleinen Geschenken, wie Spiele, Gl\u00e4ser, Turnbeutel oder Sonnenbrillen, haben wir versucht Plastikverpackungen einzusparen.<\/p>\n\n\n\n<p style=\"text-align:center\">Wir bedanken uns ganz herzlich\nbei all unseren Sponsoren! <\/p>\n\n\n\n<p style=\"text-align:center\">In diesem Zuge bedanken wir uns auch bei unseren Organisatoren, unserem Fahrer und den Wagenengeln.<\/p>\n\n\n\n<figure class=\"wp-block-image\"><img loading=\"lazy\" width=\"1024\" height=\"768\" src=\"https:\/\/kljb-oedekoven.de\/wp-content\/uploads\/2020\/02\/Impekovener-Karnevalszug-2020-1024x768.jpg\" alt=\"\" class=\"wp-image-521\" srcset=\"https:\/\/kljb-oedekoven.de\/wp-content\/uploads\/2020\/02\/Impekovener-Karnevalszug-2020-1024x768.jpg 1024w, https:\/\/kljb-oedekoven.de\/wp-content\/uploads\/2020\/02\/Impekovener-Karnevalszug-2020-300x225.jpg 300w, https:\/\/kljb-oedekoven.de\/wp-content\/uploads\/2020\/02\/Impekovener-Karnevalszug-2020-768x576.jpg 768w\" sizes=\"(max-width: 1024px) 100vw, 1024px\" \/><\/figure>\n\n\n\n<p><\/p>\n\n\n\n<p style=\"text-align:center\"><strong>Ein R\u00fcckblick der letzten Jahre:<\/strong><\/p>\n\n\n\n<p style=\"text-align:center\"><strong>Impekoven 2019:  Hart wie ein Rocker, haut euch die KLJB vom Hocker!<\/strong><\/p>\n\n\n\n<figure class=\"wp-block-image\"><img src=\"https:\/\/kljb-oedekoven.de\/wp-content\/uploads\/2019\/03\/Impekovener-Karnevalszug-2019-1024x768.jpg\" alt=\"Dieses Bild hat ein leeres Alt-Attribut. Der Dateiname ist Impekovener-Karnevalszug-2019-1024x768.jpg\"\/><\/figure>\n\n\n\n<p style=\"text-align:center\"><strong>Impekoven 2018: Als Wikinger wild und frei, die KLJB ist auch wieder dabei!<\/strong><\/p>\n\n\n\n<figure class=\"wp-block-image\"><img loading=\"lazy\" width=\"1024\" height=\"768\" src=\"https:\/\/kljb-oedekoven.de\/wp-content\/uploads\/2019\/03\/Impekovener-Karnevalszug-2018-1024x768.jpg\" alt=\"\" class=\"wp-image-375\" srcset=\"https:\/\/kljb-oedekoven.de\/wp-content\/uploads\/2019\/03\/Impekovener-Karnevalszug-2018-1024x768.jpg 1024w, https:\/\/kljb-oedekoven.de\/wp-content\/uploads\/2019\/03\/Impekovener-Karnevalszug-2018-300x225.jpg 300w, https:\/\/kljb-oedekoven.de\/wp-content\/uploads\/2019\/03\/Impekovener-Karnevalszug-2018-768x576.jpg 768w\" sizes=\"(max-width: 1024px) 100vw, 1024px\" \/><\/figure>\n\n\n\n<p style=\"text-align:center\"><strong>Impekoven 2017: Die KLJB, das sind wir, als Mario Kart sind wir heute hier<\/strong><\/p>\n\n\n<p style=\"text-align: center;\"><img loading=\"lazy\" class=\"alignnone size-full wp-image-376\" src=\"https:\/\/kljb-oedekoven.de\/wp-content\/uploads\/2019\/03\/Impekovener-Karnevalszug-2017.jpg\" alt=\"\" width=\"3264\" height=\"2448\" srcset=\"https:\/\/kljb-oedekoven.de\/wp-content\/uploads\/2019\/03\/Impekovener-Karnevalszug-2017.jpg 3264w, https:\/\/kljb-oedekoven.de\/wp-content\/uploads\/2019\/03\/Impekovener-Karnevalszug-2017-300x225.jpg 300w, https:\/\/kljb-oedekoven.de\/wp-content\/uploads\/2019\/03\/Impekovener-Karnevalszug-2017-768x576.jpg 768w, https:\/\/kljb-oedekoven.de\/wp-content\/uploads\/2019\/03\/Impekovener-Karnevalszug-2017-1024x768.jpg 1024w\" sizes=\"(max-width: 3264px) 100vw, 3264px\" \/><\/p>\n<p><img loading=\"lazy\" class=\"alignnone size-medium wp-image-319 aligncenter\" src=\"https:\/\/kljb-oedekoven.de\/wp-content\/uploads\/2019\/01\/IMG_4096-300x225.jpg\" alt=\"\" width=\"300\" height=\"225\"><\/p>","protected":false},"excerpt":{"rendered":"<p>Wir haben wieder am Impekovener Karnevalszug teilgenommen. Unter dem Motto \u201eNe scheefe Dorfplatz es uns ejal, mir danze dodrup trotzd\u00e4m \u00f6m de Marterpfahl!\u201c sind wir als Indianer mit unserem Wagen durch die Stra\u00dfen gezogen. Bei herrlichem Sonnenschein und fr\u00fchlingshaften Temperaturen haben wir auf der Stra\u00dfe gefeiert und viele bekannte Gesichter am Wegesrand gesehen. Da wir [&hellip;]<\/p>\n","protected":false},"author":2,"featured_media":0,"parent":6,"menu_order":0,"comment_status":"closed","ping_status":"closed","template":"","meta":[],"_links":{"self":[{"href":"https:\/\/kljb-oedekoven.de\/index.php?rest_route=\/wp\/v2\/pages\/317"}],"collection":[{"href":"https:\/\/kljb-oedekoven.de\/index.php?rest_route=\/wp\/v2\/pages"}],"about":[{"href":"https:\/\/kljb-oedekoven.de\/index.php?rest_route=\/wp\/v2\/types\/page"}],"author":[{"embeddable":true,"href":"https:\/\/kljb-oedekoven.de\/index.php?rest_route=\/wp\/v2\/users\/2"}],"replies":[{"embeddable":true,"href":"https:\/\/kljb-oedekoven.de\/index.php?rest_route=%2Fwp%2Fv2%2Fcomments&post=317"}],"version-history":[{"count":24,"href":"https:\/\/kljb-oedekoven.de\/index.php?rest_route=\/wp\/v2\/pages\/317\/revisions"}],"predecessor-version":[{"id":540,"href":"https:\/\/kljb-oedekoven.de\/index.php?rest_route=\/wp\/v2\/pages\/317\/revisions\/540"}],"up":[{"embeddable":true,"href":"https:\/\/kljb-oedekoven.de\/index.php?rest_route=\/wp\/v2\/pages\/6"}],"wp:attachment":[{"href":"https:\/\/kljb-oedekoven.de\/index.php?rest_route=%2Fwp%2Fv2%2Fmedia&parent=317"}],"curies":[{"name":"wp","href":"https:\/\/api.w.org\/{rel}","templated":true}]}}