{"id":36,"date":"2018-05-04T12:38:30","date_gmt":"2018-05-04T10:38:30","guid":{"rendered":"https:\/\/kljb.fam-hannemann.de\/?page_id=36"},"modified":"2019-06-04T11:41:53","modified_gmt":"2019-06-04T09:41:53","slug":"kaelbchen","status":"publish","type":"page","link":"https:\/\/kljb-oedekoven.de\/?page_id=36","title":{"rendered":"Unsere K\u00e4lbchen"},"content":{"rendered":"<h3>K\u00e4lbchen werden<\/h3>\n<p>Wenn du ein Kind im Alter von 6-13 Jahren bist, kannst du dich bei der KLJB als &#8222;K\u00e4lbchen&#8220; anmelden.<\/p>\n<p>K\u00e4lbchen zahlen einen Jahresbetrag von 6,00\u20ac. Der Vorteil ist, dass du an all unseren Kinder- und Jugend verg\u00fcnstigt teilnehmen kannst. Au\u00dferdem halten wir dich das ganze Jahr mit anstehenden Aktionen per E-Mail auf dem Laufenden. Das K\u00e4lbchen-sein beinhaltet auch eine Versicherung f\u00fcr alle\u00a0 KLJB-Aktionen.<\/p>\n<p>Das ist unsere <a href=\"https:\/\/kljb-oedekoven.de\/wp-content\/uploads\/2018\/06\/K\u00e4lbchen-Anmeldung.pdf\">K\u00e4lbchen-Anmeldung<\/a>.<\/p>\n<p>Die Anmeldung ist samt Mitgliedsbeitrag bei<\/p>\n<p>Oliver Cieslawski<br \/>\nMoselweg 25<br \/>\n53347 Alfter<\/p>\n<p>abzugeben.<\/p>\n<p>Hier finden Sie nochmal die Erkl\u00e4rung zum <a href=\"https:\/\/kljb-oedekoven.de\/wp-content\/uploads\/2019\/06\/Datenschutzerkl\u00e4rung-K\u00e4lbchen.pdf\">Datenschutzerkl\u00e4rung f\u00fcr K\u00e4lbchen des KLJB Oedekoven e.V.<\/a><\/p>\n","protected":false},"excerpt":{"rendered":"<p>K\u00e4lbchen werden Wenn du ein Kind im Alter von 6-13 Jahren bist, kannst du dich bei der KLJB als &#8222;K\u00e4lbchen&#8220; anmelden. K\u00e4lbchen zahlen einen Jahresbetrag von 6,00\u20ac. Der Vorteil ist, dass du an all unseren Kinder- und Jugend verg\u00fcnstigt teilnehmen kannst. Au\u00dferdem halten wir dich das ganze Jahr mit anstehenden Aktionen per E-Mail auf dem [&hellip;]<\/p>\n","protected":false},"author":2,"featured_media":0,"parent":4,"menu_order":0,"comment_status":"closed","ping_status":"closed","template":"","meta":[],"_links":{"self":[{"href":"https:\/\/kljb-oedekoven.de\/index.php?rest_route=\/wp\/v2\/pages\/36"}],"collection":[{"href":"https:\/\/kljb-oedekoven.de\/index.php?rest_route=\/wp\/v2\/pages"}],"about":[{"href":"https:\/\/kljb-oedekoven.de\/index.php?rest_route=\/wp\/v2\/types\/page"}],"author":[{"embeddable":true,"href":"https:\/\/kljb-oedekoven.de\/index.php?rest_route=\/wp\/v2\/users\/2"}],"replies":[{"embeddable":true,"href":"https:\/\/kljb-oedekoven.de\/index.php?rest_route=%2Fwp%2Fv2%2Fcomments&post=36"}],"version-history":[{"count":19,"href":"https:\/\/kljb-oedekoven.de\/index.php?rest_route=\/wp\/v2\/pages\/36\/revisions"}],"predecessor-version":[{"id":406,"href":"https:\/\/kljb-oedekoven.de\/index.php?rest_route=\/wp\/v2\/pages\/36\/revisions\/406"}],"up":[{"embeddable":true,"href":"https:\/\/kljb-oedekoven.de\/index.php?rest_route=\/wp\/v2\/pages\/4"}],"wp:attachment":[{"href":"https:\/\/kljb-oedekoven.de\/index.php?rest_route=%2Fwp%2Fv2%2Fmedia&parent=36"}],"curies":[{"name":"wp","href":"https:\/\/api.w.org\/{rel}","templated":true}]}}