{"id":41,"date":"2018-05-04T12:58:21","date_gmt":"2018-05-04T10:58:21","guid":{"rendered":"https:\/\/kljb.fam-hannemann.de\/?page_id=41"},"modified":"2018-12-30T17:03:25","modified_gmt":"2018-12-30T16:03:25","slug":"unsere-foerdermitglieder","status":"publish","type":"page","link":"https:\/\/kljb-oedekoven.de\/?page_id=41","title":{"rendered":"Unsere F\u00f6rdermitglieder"},"content":{"rendered":"<h3>F\u00f6rdermitglied werden<\/h3>\n<p>Wenn Sie trotz Ihrer inaktiven Mitgliedschaft die Jugendarbeit in Ihrer Gemeinde und n\u00e4heren Umgebung finanziell und ideell unterst\u00fctzen m\u00f6chten, bietet sich eine F\u00f6rdermitgliedschaft an. Hierbei werden Sie \u00fcber unsere Aktionen informiert, haben Rederecht bei unseren Mitgliederversammlungen und sind nat\u00fcrlich auch zu unserem j\u00e4hrlichen F\u00f6rdermitgliedergrillen w\u00e4hrend des Abenteuerspielplatzes und zu unserer Weihnachtsfeier eingeladen.<\/p>\n<p>Der Mindestbeitrag liegt f\u00fcr die private F\u00f6rdermitgliedschaft bei 25,00\u20ac, f\u00fcr die gewerbliche F\u00f6rdermitgliedschaft bei 75,00\u20ac. Der Beitrag wird j\u00e4hrlich per \u00dcberweisung, per Lastschriftverfahren oder bar bezahlt.<\/p>\n<p>Bei Fragen und Interesse wenden Sie sich bitte an unseren Vorstand.<\/p>\n<p><strong>Anmeldeformular:<\/strong><\/p>\n<p><a href=\"https:\/\/kljb-oedekoven.de\/wp-content\/uploads\/2018\/07\/Antrag-auf-private-F\u00f6rdermitgliedschaft.pdf\">Antrag auf private F\u00f6rdermitgliedschaft<\/a><\/p>\n<p><a href=\"https:\/\/kljb-oedekoven.de\/wp-content\/uploads\/2018\/12\/Antrag-auf-gewerbliche-F\u00f6rdermitgliedschaft.pdf\">Antrag auf gewerbliche F\u00f6rdermitgliedschaft<\/a><\/p>\n<p>&nbsp;<\/p>\n<p>Hier finden Sie noch mal unsere <a href=\"https:\/\/kljb-oedekoven.de\/wp-content\/uploads\/2018\/07\/Datenschutzerkl\u00e4rung-F\u00f6rdermitglieder.pdf\">Datenschutzerkl\u00e4rung f\u00fcr F\u00f6rdermitglieder<\/a><\/p>\n","protected":false},"excerpt":{"rendered":"<p>F\u00f6rdermitglied werden Wenn Sie trotz Ihrer inaktiven Mitgliedschaft die Jugendarbeit in Ihrer Gemeinde und n\u00e4heren Umgebung finanziell und ideell unterst\u00fctzen m\u00f6chten, bietet sich eine F\u00f6rdermitgliedschaft an. Hierbei werden Sie \u00fcber unsere Aktionen informiert, haben Rederecht bei unseren Mitgliederversammlungen und sind nat\u00fcrlich auch zu unserem j\u00e4hrlichen F\u00f6rdermitgliedergrillen w\u00e4hrend des Abenteuerspielplatzes und zu unserer Weihnachtsfeier eingeladen. Der [&hellip;]<\/p>\n","protected":false},"author":2,"featured_media":0,"parent":4,"menu_order":0,"comment_status":"closed","ping_status":"closed","template":"","meta":[],"_links":{"self":[{"href":"https:\/\/kljb-oedekoven.de\/index.php?rest_route=\/wp\/v2\/pages\/41"}],"collection":[{"href":"https:\/\/kljb-oedekoven.de\/index.php?rest_route=\/wp\/v2\/pages"}],"about":[{"href":"https:\/\/kljb-oedekoven.de\/index.php?rest_route=\/wp\/v2\/types\/page"}],"author":[{"embeddable":true,"href":"https:\/\/kljb-oedekoven.de\/index.php?rest_route=\/wp\/v2\/users\/2"}],"replies":[{"embeddable":true,"href":"https:\/\/kljb-oedekoven.de\/index.php?rest_route=%2Fwp%2Fv2%2Fcomments&post=41"}],"version-history":[{"count":13,"href":"https:\/\/kljb-oedekoven.de\/index.php?rest_route=\/wp\/v2\/pages\/41\/revisions"}],"predecessor-version":[{"id":300,"href":"https:\/\/kljb-oedekoven.de\/index.php?rest_route=\/wp\/v2\/pages\/41\/revisions\/300"}],"up":[{"embeddable":true,"href":"https:\/\/kljb-oedekoven.de\/index.php?rest_route=\/wp\/v2\/pages\/4"}],"wp:attachment":[{"href":"https:\/\/kljb-oedekoven.de\/index.php?rest_route=%2Fwp%2Fv2%2Fmedia&parent=41"}],"curies":[{"name":"wp","href":"https:\/\/api.w.org\/{rel}","templated":true}]}}