{"id":473,"date":"2019-11-29T12:46:55","date_gmt":"2019-11-29T11:46:55","guid":{"rendered":"https:\/\/kljb-oedekoven.de\/?page_id=473"},"modified":"2020-02-17T15:12:18","modified_gmt":"2020-02-17T14:12:18","slug":"plaetzchenbackaktion-2019","status":"publish","type":"page","link":"https:\/\/kljb-oedekoven.de\/?page_id=473","title":{"rendered":"Pl\u00e4tzchenbackaktion 2019"},"content":{"rendered":"\n<p>Am 07.12. \u00f6ffnete unsere allj\u00e4hrliche Weihnachtsb\u00e4ckerei ihre Tore. <\/p>\n\n\n\n<p>In stimmungsvoller, weihnachtlicher Atmosph\u00e4re backten wir Pl\u00e4tzchen und dekoriert sie so, wie man es nur bei der KLJB darf. Zun\u00e4chst kneteten wir den Teig, rollten ihn aus und stachen anschlie\u00dfend die Pl\u00e4tzchen aus. Jeder packte mit an und so f\u00fcllten wir 10 Bleche mit Pl\u00e4tzchen. W\u00e4hrend die Pl\u00e4tzchen im Ofen backten, spielten und tobten die Betreuer mit den Kindern an der frischen Luft. Anschlie\u00dfend durften die Pl\u00e4tzchen nach Belieben dekoriert und verziert werden. Wie auf den Bildern zu sehen, ertrank eine Gruppe Jungs ihre Pl\u00e4tzchen liebevoll in Zuckerguss, die M\u00e4dels lie\u00dfen ihrer Kreativit\u00e4t mit verschiedensten Zuckergussfarben, -perlen und -streusel freien Lauf<\/p>\n\n\n\n<p>Wir bedanken uns bei allen, die mitgemacht haben!<\/p>\n\n\n\n<p>Wir w\u00fcnschen euch eine besinnliche Vorweihnachtszeit!<\/p>\n\n\n\n<p>Eure Betreuer<\/p>\n\n\n\n<figure class=\"wp-block-image\"><img loading=\"lazy\" width=\"1024\" height=\"768\" src=\"https:\/\/kljb-oedekoven.de\/wp-content\/uploads\/2019\/12\/IMG_2551-1-1024x768.jpg\" alt=\"\" class=\"wp-image-484\" srcset=\"https:\/\/kljb-oedekoven.de\/wp-content\/uploads\/2019\/12\/IMG_2551-1-1024x768.jpg 1024w, https:\/\/kljb-oedekoven.de\/wp-content\/uploads\/2019\/12\/IMG_2551-1-300x225.jpg 300w, https:\/\/kljb-oedekoven.de\/wp-content\/uploads\/2019\/12\/IMG_2551-1-768x576.jpg 768w\" sizes=\"(max-width: 1024px) 100vw, 1024px\" \/><\/figure>\n\n\n\n<figure class=\"wp-block-image\"><img loading=\"lazy\" width=\"1024\" height=\"768\" src=\"https:\/\/kljb-oedekoven.de\/wp-content\/uploads\/2019\/12\/IMG_2561-1024x768.jpg\" alt=\"\" class=\"wp-image-485\" srcset=\"https:\/\/kljb-oedekoven.de\/wp-content\/uploads\/2019\/12\/IMG_2561-1024x768.jpg 1024w, https:\/\/kljb-oedekoven.de\/wp-content\/uploads\/2019\/12\/IMG_2561-300x225.jpg 300w, https:\/\/kljb-oedekoven.de\/wp-content\/uploads\/2019\/12\/IMG_2561-768x576.jpg 768w\" sizes=\"(max-width: 1024px) 100vw, 1024px\" \/><\/figure>\n","protected":false},"excerpt":{"rendered":"<p>Am 07.12. \u00f6ffnete unsere allj\u00e4hrliche Weihnachtsb\u00e4ckerei ihre Tore. In stimmungsvoller, weihnachtlicher Atmosph\u00e4re backten wir Pl\u00e4tzchen und dekoriert sie so, wie man es nur bei der KLJB darf. Zun\u00e4chst kneteten wir den Teig, rollten ihn aus und stachen anschlie\u00dfend die Pl\u00e4tzchen aus. Jeder packte mit an und so f\u00fcllten wir 10 Bleche mit Pl\u00e4tzchen. W\u00e4hrend die [&hellip;]<\/p>\n","protected":false},"author":2,"featured_media":0,"parent":0,"menu_order":0,"comment_status":"closed","ping_status":"closed","template":"","meta":[],"_links":{"self":[{"href":"https:\/\/kljb-oedekoven.de\/index.php?rest_route=\/wp\/v2\/pages\/473"}],"collection":[{"href":"https:\/\/kljb-oedekoven.de\/index.php?rest_route=\/wp\/v2\/pages"}],"about":[{"href":"https:\/\/kljb-oedekoven.de\/index.php?rest_route=\/wp\/v2\/types\/page"}],"author":[{"embeddable":true,"href":"https:\/\/kljb-oedekoven.de\/index.php?rest_route=\/wp\/v2\/users\/2"}],"replies":[{"embeddable":true,"href":"https:\/\/kljb-oedekoven.de\/index.php?rest_route=%2Fwp%2Fv2%2Fcomments&post=473"}],"version-history":[{"count":6,"href":"https:\/\/kljb-oedekoven.de\/index.php?rest_route=\/wp\/v2\/pages\/473\/revisions"}],"predecessor-version":[{"id":528,"href":"https:\/\/kljb-oedekoven.de\/index.php?rest_route=\/wp\/v2\/pages\/473\/revisions\/528"}],"wp:attachment":[{"href":"https:\/\/kljb-oedekoven.de\/index.php?rest_route=%2Fwp%2Fv2%2Fmedia&parent=473"}],"curies":[{"name":"wp","href":"https:\/\/api.w.org\/{rel}","templated":true}]}}