{"id":544,"date":"2020-04-29T16:17:50","date_gmt":"2020-04-29T14:17:50","guid":{"rendered":"https:\/\/kljb-oedekoven.de\/?page_id=544"},"modified":"2023-03-12T16:57:12","modified_gmt":"2023-03-12T15:57:12","slug":"absage-des-abenteuerspielplatzes-2020","status":"publish","type":"page","link":"https:\/\/kljb-oedekoven.de\/?page_id=544","title":{"rendered":"&#8211; Aktuell kein ASP 2023 in Planung &#8211;"},"content":{"rendered":"\n<p>Liebe ASP-Kinder, liebe Eltern, liebe Unterst\u00fctzer,<\/p>\n\n\n\n<p>aufgrund einiger Nachfragen m\u00f6chten wir Euch \u00fcber den aktuellen Stand zum Abenteuerspielplatz (ASP) informieren:<\/p>\n\n\n\n<p>Derzeit ist leider kein ASP f\u00fcr die Sommerferien 2023 geplant.<\/p>\n\n\n\n<p><a><\/a>Falls sich daran etwas \u00e4ndert, werden wir Euch umgehend informieren.<\/p>\n\n\n\n<p>Eure Betreuer<\/p>\n\n\n\n<figure class=\"wp-block-image size-large\"><img loading=\"lazy\" width=\"1024\" height=\"683\" src=\"https:\/\/kljb-oedekoven.de\/wp-content\/uploads\/2021\/05\/9514F77E-E2D5-4B03-8D28-AAECA57844C7-1024x683.jpeg\" alt=\"\" class=\"wp-image-722\" srcset=\"https:\/\/kljb-oedekoven.de\/wp-content\/uploads\/2021\/05\/9514F77E-E2D5-4B03-8D28-AAECA57844C7-1024x683.jpeg 1024w, https:\/\/kljb-oedekoven.de\/wp-content\/uploads\/2021\/05\/9514F77E-E2D5-4B03-8D28-AAECA57844C7-300x200.jpeg 300w, https:\/\/kljb-oedekoven.de\/wp-content\/uploads\/2021\/05\/9514F77E-E2D5-4B03-8D28-AAECA57844C7-768x512.jpeg 768w, https:\/\/kljb-oedekoven.de\/wp-content\/uploads\/2021\/05\/9514F77E-E2D5-4B03-8D28-AAECA57844C7-1536x1024.jpeg 1536w, https:\/\/kljb-oedekoven.de\/wp-content\/uploads\/2021\/05\/9514F77E-E2D5-4B03-8D28-AAECA57844C7-2048x1365.jpeg 2048w\" sizes=\"(max-width: 1024px) 100vw, 1024px\" \/><\/figure>\n","protected":false},"excerpt":{"rendered":"<p>Liebe ASP-Kinder, liebe Eltern, liebe Unterst\u00fctzer, aufgrund einiger Nachfragen m\u00f6chten wir Euch \u00fcber den aktuellen Stand zum Abenteuerspielplatz (ASP) informieren: Derzeit ist leider kein ASP f\u00fcr die Sommerferien 2023 geplant. Falls sich daran etwas \u00e4ndert, werden wir Euch umgehend informieren. Eure Betreuer<\/p>\n","protected":false},"author":2,"featured_media":0,"parent":0,"menu_order":0,"comment_status":"closed","ping_status":"closed","template":"","meta":[],"_links":{"self":[{"href":"https:\/\/kljb-oedekoven.de\/index.php?rest_route=\/wp\/v2\/pages\/544"}],"collection":[{"href":"https:\/\/kljb-oedekoven.de\/index.php?rest_route=\/wp\/v2\/pages"}],"about":[{"href":"https:\/\/kljb-oedekoven.de\/index.php?rest_route=\/wp\/v2\/types\/page"}],"author":[{"embeddable":true,"href":"https:\/\/kljb-oedekoven.de\/index.php?rest_route=\/wp\/v2\/users\/2"}],"replies":[{"embeddable":true,"href":"https:\/\/kljb-oedekoven.de\/index.php?rest_route=%2Fwp%2Fv2%2Fcomments&post=544"}],"version-history":[{"count":8,"href":"https:\/\/kljb-oedekoven.de\/index.php?rest_route=\/wp\/v2\/pages\/544\/revisions"}],"predecessor-version":[{"id":755,"href":"https:\/\/kljb-oedekoven.de\/index.php?rest_route=\/wp\/v2\/pages\/544\/revisions\/755"}],"wp:attachment":[{"href":"https:\/\/kljb-oedekoven.de\/index.php?rest_route=%2Fwp%2Fv2%2Fmedia&parent=544"}],"curies":[{"name":"wp","href":"https:\/\/api.w.org\/{rel}","templated":true}]}}