{"id":562,"date":"2020-06-28T16:55:54","date_gmt":"2020-06-28T14:55:54","guid":{"rendered":"https:\/\/kljb-oedekoven.de\/?page_id=562"},"modified":"2020-08-28T18:48:45","modified_gmt":"2020-08-28T16:48:45","slug":"tag-0-sonntag-28-06-2020-statt-asp-ein-tagebuch","status":"publish","type":"page","link":"https:\/\/kljb-oedekoven.de\/?page_id=562","title":{"rendered":"Tag 0"},"content":{"rendered":"\n<p><strong>Sonntag, 28.06.2020 Statt ASP ein Tagebuch!<\/strong><\/p>\n\n\n\n<p>Liebe ASP-Fans,<\/p>\n\n\n\n<p>normalerweise st\u00fcnden wir jetzt schon seit zwei Tagen mit 70 Betreuern gemeinsam auf dem Platz und w\u00fcrden den Abenteuerspielplatz (ASP) aufbauen.<\/p>\n\n\n\n<p>Wir w\u00fcrden die Zelte aufbauen, das Materialzelt, das K\u00fcchenzelt und das Sanit\u00e4tszelt. Wir w\u00fcrden das Kassenzelt einr\u00e4umen, den Bauwagen abstellen und best\u00fccken, die Holzlieferung annehmen, Schl\u00e4uche und Strom verlegen, das Gel\u00e4nde abstecken und jede Menge Kleinigkeiten erledigen, die sonst so anfallen.<\/p>\n\n\n\n<p><br>Ab diesem Wochenende beg\u00e4ben wir uns f\u00fcr zwei Wochen in eine andere Welt. Viele von uns w\u00fcrden ihre eigenen vier W\u00e4nde nur sehen, um sich kurz frische Anziehsachen abzuholen. Sonst w\u00fcrden wir Tag und Nacht auf dem Platz verbringen.<\/p>\n\n\n\n<p>In diesen zwei Wochen w\u00fcrden wir alle wieder \u00fcber uns hinauswachsen. Wir w\u00fcrden Freud und Leid miteinander teilen, komplizierte Situationen managen, Verantwortung f\u00fcr 200 Kinder tragen und dabei vor allem zusammenwachsen. Jeder von uns w\u00fcrde in diesen zwei Wochen wieder ein St\u00fcckchen erwachsener werden.<\/p>\n\n\n\n<p>Dass uns diese zwei Wochen \u201epositiver Ausnahmezustand\u201c dieses Jahr leider verwehrt bleiben, macht auch uns sehr traurig. Denn der ASP ist das wichtigste und gr\u00f6\u00dfte Projekt unserer Ortsgruppe. Die Planung daf\u00fcr beginnt schon im Herbst des Vorjahres.<\/p>\n\n\n\n<p>Damit sich jeder von euch und uns das \u201eASP-Feeling\u201c ein bisschen nach Hause holen kann, beginnen wir ab heute mit einem \u201eASP-Tagebuch\u201c. Zwei Wochen lang werden wir jeden Tag einen Post absetzen, in dem wir euch Erinnerungen der letzten Jahre zeigen, einen Blick hinter die Kulissen werfen und ein paar kleine Mythen des ASPs aufkl\u00e4ren. <\/p>\n\n\n\n<p>Zu finden sind diese Beitr\u00e4ge auch auf unserem neuen <strong>Instagramkanal \u201ekljboedekoven\u201c<\/strong> und auf <strong>Facebook &#8222;KLJB Oedekoven e.V.<\/strong>&#8222;<\/p>\n\n\n\n<figure class=\"wp-block-image size-large\"><img loading=\"lazy\" width=\"1024\" height=\"768\" src=\"https:\/\/kljb-oedekoven.de\/wp-content\/uploads\/2020\/06\/Tag-0-1024x768.jpeg\" alt=\"\" class=\"wp-image-589\" srcset=\"https:\/\/kljb-oedekoven.de\/wp-content\/uploads\/2020\/06\/Tag-0-1024x768.jpeg 1024w, https:\/\/kljb-oedekoven.de\/wp-content\/uploads\/2020\/06\/Tag-0-300x225.jpeg 300w, https:\/\/kljb-oedekoven.de\/wp-content\/uploads\/2020\/06\/Tag-0-768x576.jpeg 768w, https:\/\/kljb-oedekoven.de\/wp-content\/uploads\/2020\/06\/Tag-0-1536x1152.jpeg 1536w, https:\/\/kljb-oedekoven.de\/wp-content\/uploads\/2020\/06\/Tag-0-2048x1536.jpeg 2048w\" sizes=\"(max-width: 1024px) 100vw, 1024px\" \/><\/figure>\n","protected":false},"excerpt":{"rendered":"<p>Sonntag, 28.06.2020 Statt ASP ein Tagebuch! Liebe ASP-Fans, normalerweise st\u00fcnden wir jetzt schon seit zwei Tagen mit 70 Betreuern gemeinsam auf dem Platz und w\u00fcrden den Abenteuerspielplatz (ASP) aufbauen. Wir w\u00fcrden die Zelte aufbauen, das Materialzelt, das K\u00fcchenzelt und das Sanit\u00e4tszelt. Wir w\u00fcrden das Kassenzelt einr\u00e4umen, den Bauwagen abstellen und best\u00fccken, die Holzlieferung annehmen, Schl\u00e4uche [&hellip;]<\/p>\n","protected":false},"author":2,"featured_media":0,"parent":0,"menu_order":0,"comment_status":"closed","ping_status":"closed","template":"","meta":[],"_links":{"self":[{"href":"https:\/\/kljb-oedekoven.de\/index.php?rest_route=\/wp\/v2\/pages\/562"}],"collection":[{"href":"https:\/\/kljb-oedekoven.de\/index.php?rest_route=\/wp\/v2\/pages"}],"about":[{"href":"https:\/\/kljb-oedekoven.de\/index.php?rest_route=\/wp\/v2\/types\/page"}],"author":[{"embeddable":true,"href":"https:\/\/kljb-oedekoven.de\/index.php?rest_route=\/wp\/v2\/users\/2"}],"replies":[{"embeddable":true,"href":"https:\/\/kljb-oedekoven.de\/index.php?rest_route=%2Fwp%2Fv2%2Fcomments&post=562"}],"version-history":[{"count":8,"href":"https:\/\/kljb-oedekoven.de\/index.php?rest_route=\/wp\/v2\/pages\/562\/revisions"}],"predecessor-version":[{"id":699,"href":"https:\/\/kljb-oedekoven.de\/index.php?rest_route=\/wp\/v2\/pages\/562\/revisions\/699"}],"wp:attachment":[{"href":"https:\/\/kljb-oedekoven.de\/index.php?rest_route=%2Fwp%2Fv2%2Fmedia&parent=562"}],"curies":[{"name":"wp","href":"https:\/\/api.w.org\/{rel}","templated":true}]}}