{"id":57,"date":"2018-05-04T13:35:29","date_gmt":"2018-05-04T11:35:29","guid":{"rendered":"https:\/\/kljb.fam-hannemann.de\/?page_id=57"},"modified":"2020-02-17T15:11:30","modified_gmt":"2020-02-17T14:11:30","slug":"abenteuerspielplatz-asp","status":"publish","type":"page","link":"https:\/\/kljb-oedekoven.de\/?page_id=57","title":{"rendered":"Abenteuerspielplatz (ASP) 2019"},"content":{"rendered":"<h3>32. Abenteuerspielplatz 2019<\/h3>\n<p>Wenn man von Weitem schon die Holzh\u00fctten sieht, die Sonne scheint, die Stimmen der Kinder freudig \u00fcber den Platz schallen und der Geruch von frischem Holz in der Luft liegt, dann ist f\u00fcr alle Leute aus Oedekoven und der Umgebung klar: Es ist wieder Abenteuerspielplatz!<\/p>\n<p>Auch in diesem Jahr fand in den ersten zwei Wochen der Sommerferien der beliebte Abenteuerspielplatz (ASP) der KLJB Oedekoven statt. Die Ferienerholungsma\u00dfnahme f\u00fcr Kinder im Alter von 6 bis 13 Jahren wurde dieses Jahr von Christopher Born, Lara Schmidt und Severin Wigger geleitet. Von Montag, 15. Juli, bis Freitag, 26. Juli, bauten die rund 200 Kinder auf der Wiese neben der Turnhalle in Oedekoven aus Brettern, Balken und N\u00e4geln ihre eigenen Holzh\u00fctten, in denen sie in der letzten Nacht schlafen konnten. Am Ende standen 23 Buden, meist mehrst\u00f6ckig und damit bis zu 6 Meter hoch auf der ASP-Wiese. Und die Buden waren nicht nur hoch, sondern auch sch\u00f6n. So war eine Bude von einer Gruppe M\u00e4dels mit echten Blumen auf der Fensterbank, Vorh\u00e4ngen und einem kleinen Vorgarten mit Tisch, Sitzgelegenheit und Gartenzaun geschm\u00fcckt worden. Eine andere wurde zu einem gro\u00dfen Schiff umgebaut. Zwei H\u00e4user waren au\u00dferdem mit einer Br\u00fccke verbunden.<\/p>\n<p>Wer mal keine Lust auf bauliche Aktivit\u00e4ten hatte, konnte das vielf\u00e4ltige Spiel- und Sportprogramm und die kreativen Workshop-Angebote nutzen. Die diesj\u00e4hrigen Workshops waren unter anderem Kinderschminken, Armb\u00e4nder basteln, T-Shirts bemalen, Spiegel bekleben, Blument\u00f6pfe bemalen und bepflanzen, bemalen der ASP-Fahne und Balkenweitwurf. Au\u00dferdem fanden ein Basketballturnier, ein V\u00f6lkerballturnier und ein Fu\u00dfballturnier statt. H\u00f6hepunkte der Turniere waren jeweils die Finalspiele, in denen die Turniersieger gegen die Betreuer antreten durften.<\/p>\n<p>Trotz hei\u00dfer Temperaturen bis zu 40 Grad in der zweiten ASP-Woche waren die rund 70 ehrenamtlichen Betreuer rund um die Uhr im Einsatz und lieferten mit regelm\u00e4\u00dfigen Wasserschlachten eine angenehme Abk\u00fchlung. Sogar die Freiwillige Feuerwehr Impekoven r\u00fcckte an und sorgte f\u00fcr besonderen Spa\u00df mit Wasserduschen aus mehreren Feuerwehrschl\u00e4uchen.<\/p>\n<p>Dank des K\u00fcchenteams bekamen die Kinder t\u00e4glich ein frisch zubereitetes Essen serviert. Von Reis mit Tomaten-Paprika-So\u00dfe, \u00fcber Hotdogs und belegte Baguettes an hei\u00dfen Tagen, bis hin zu Nugetts mit Kartoffelp\u00fcree war f\u00fcr jeden Geschmack etwas dabei.<\/p>\n<p>Ein besonderes Highlight war auch in diesem Jahr die B\u00fcrgermeisterwahl, zu der sich die Kinder als Wahlkandidaten aufstellen lassen konnten. Das gesamte H\u00fcttendorf w\u00e4hlte daraufhin demokratisch B\u00fcrgermeister bzw. B\u00fcrgermeisterin. Die Wahl gewann in diesem Jahr Anisha, Vizeb\u00fcrgermeister wurde Timo, der im vergangenen Jahr schon zum B\u00fcrgermeister gew\u00e4hlt worden war.<\/p>\n<p>Der kr\u00f6nende Abschluss der zwei aufregenden Wochen war wie immer der Bunte Abend bei dem standesgem\u00e4\u00df Spiele &#8222;Betreuer gegen Kinder&#8220; gespielt wurden, die B\u00fcrgermeisterin ihr Wahlversprechen einl\u00f6ste, der Tanzworkshop seinen Auftritt hatte und auch das M\u00e4nnerballett der Betreuer einen eindrucksvollen Tanz auff\u00fchrte. Als \u00dcberraschung gab es selbstgepackte S\u00fc\u00dfigkeitent\u00fcten und eine H\u00fcpfburg, auf der nach dem Abendprogramm noch getobt werden durfte. Dank des guten Wetters konnten alle Kinder in ihren selbstgebauten Buden schlafen.<\/p>\n<p>Wir bedanken uns bei allen Teilnehmern, aktiven und passiven Unterst\u00fctzern f\u00fcr zwei spektakul\u00e4re ASP-Wochen und freuen uns auf das n\u00e4chste Jahr!<\/p>\n<p>Eure Betreuer<\/p>\n<p><strong>Du m\u00f6chtest auch Betreuer auf dem ASP werden?<\/strong><\/p>\n<p>Dann melde dich bei uns an. Alle Infos findest du unter &#8222;Wir \u00fcber Uns&#8220; &#8211; &#8222;Unsere Mitglieder&#8220;!<\/p>\n<p><strong>Du hast noch Fragen?<\/strong><\/p>\n<p>Dann meld dich bei uns unter <a href=\"mailto:vorstand@kljb-oedekoven.de\">vorstand@kljb-oedekoven.de<\/a>&nbsp;oder \u00fcber Facebook unter &#8222;KLJB Oedekoven e.V.&#8220;<\/p>\n","protected":false},"excerpt":{"rendered":"<p>32. Abenteuerspielplatz 2019 Wenn man von Weitem schon die Holzh\u00fctten sieht, die Sonne scheint, die Stimmen der Kinder freudig \u00fcber den Platz schallen und der Geruch von frischem Holz in der Luft liegt, dann ist f\u00fcr alle Leute aus Oedekoven und der Umgebung klar: Es ist wieder Abenteuerspielplatz! Auch in diesem Jahr fand in den [&hellip;]<\/p>\n","protected":false},"author":2,"featured_media":0,"parent":6,"menu_order":0,"comment_status":"closed","ping_status":"closed","template":"","meta":[],"_links":{"self":[{"href":"https:\/\/kljb-oedekoven.de\/index.php?rest_route=\/wp\/v2\/pages\/57"}],"collection":[{"href":"https:\/\/kljb-oedekoven.de\/index.php?rest_route=\/wp\/v2\/pages"}],"about":[{"href":"https:\/\/kljb-oedekoven.de\/index.php?rest_route=\/wp\/v2\/types\/page"}],"author":[{"embeddable":true,"href":"https:\/\/kljb-oedekoven.de\/index.php?rest_route=\/wp\/v2\/users\/2"}],"replies":[{"embeddable":true,"href":"https:\/\/kljb-oedekoven.de\/index.php?rest_route=%2Fwp%2Fv2%2Fcomments&post=57"}],"version-history":[{"count":27,"href":"https:\/\/kljb-oedekoven.de\/index.php?rest_route=\/wp\/v2\/pages\/57\/revisions"}],"predecessor-version":[{"id":525,"href":"https:\/\/kljb-oedekoven.de\/index.php?rest_route=\/wp\/v2\/pages\/57\/revisions\/525"}],"up":[{"embeddable":true,"href":"https:\/\/kljb-oedekoven.de\/index.php?rest_route=\/wp\/v2\/pages\/6"}],"wp:attachment":[{"href":"https:\/\/kljb-oedekoven.de\/index.php?rest_route=%2Fwp%2Fv2%2Fmedia&parent=57"}],"curies":[{"name":"wp","href":"https:\/\/api.w.org\/{rel}","templated":true}]}}