{"id":577,"date":"2020-06-29T15:39:28","date_gmt":"2020-06-29T13:39:28","guid":{"rendered":"https:\/\/kljb-oedekoven.de\/?page_id=577"},"modified":"2020-06-30T11:23:20","modified_gmt":"2020-06-30T09:23:20","slug":"tag-1","status":"publish","type":"page","link":"https:\/\/kljb-oedekoven.de\/?page_id=577","title":{"rendered":"Tag 1"},"content":{"rendered":"\n<p><strong>Montag, 29.06.2020<\/strong> <strong>Ein Tag auf dem ASP \u2013 Tagesablauf von Kindern und Betreuern<\/strong><\/p>\n\n\n\n<p>Der Tag auf dem ASP beginnt f\u00fcr das gesamte Betreuer-Team jeden Morgen um 8:45 Uhr mit einem gemeinsamen Fr\u00fchst\u00fcck.<\/p>\n\n\n\n<p>Nach dem Fr\u00fchst\u00fcck briefen die Leiter das Team, erkl\u00e4ren die Besonderheiten, die an diesem Tag anstehen und welche Aufgaben noch zu erledigen sind. Anschlie\u00dfend werden gemeinsam die letzten Vorbereitungen getroffen, damit wir p\u00fcnktlich um 10 Uhr den Abenteuerspielplatz \u00f6ffnen k\u00f6nnen.<\/p>\n\n\n\n<p>Von 10 Uhr bis 18 Uhr haben wir dann euch Kinder auf dem Platz, die unsere volle Aufmerksamkeit brauchen.<\/p>\n\n\n\n<p>In diesem Zeitraum \u00fcbernehmen wir unterschiedlichste Aufgaben. Ein paar Betreuer haben die Verantwortung f\u00fcr unsere Kasse, andere wechseln sich am Nagelstand ab, wieder andere haben die Aufgabe, einen Workshop oder ein Turnier zu leiten. Hinter den Kulissen wird gekocht, eingekauft oder andere organisatorische Aufgaben \u00fcbernommen.<\/p>\n\n\n\n<p>Unsere wichtigste Aufgabe ist allerdings, auf dem Platz den \u00dcberblick zu behalten, euch beim Bauen zu helfen, euch zu bespa\u00dfen und f\u00fcr die gro\u00dfen und kleinen Probleme ein offenes Ohr zu haben. W\u00e4hrend ihr auf dem Platz seid, sind wir st\u00e4ndig auf Trab.<\/p>\n\n\n\n<p>Erst nach 18 Uhr, wenn der Platz aufger\u00e4umt ist und wir die Buden auf ihre Sicherheit kontrolliert haben, freuen wir uns auf den Feierabend.<\/p>\n\n\n\n<p>Abends setzen wir uns zum Abendessen zusammen, das jeden Tag von einem anderen Elternteil unserer Betreuer gezaubert wird. F\u00fcr die Unterst\u00fctzung unserer Eltern sind wir unfassbar dankbar. Sie verzichten zwei Wochen auf ihre Kinder, halten uns den R\u00fccken frei und waschen regelm\u00e4\u00dfig unsere ASP-T-Shirts. Anschlie\u00dfend lassen wir den Abend ganz entspannt am Lagerfeuer ausklingen und versinken danach todm\u00fcde in unseren Schlafs\u00e4cken.<\/p>\n\n\n\n<figure class=\"wp-block-image size-large\"><img loading=\"lazy\" width=\"1024\" height=\"385\" src=\"https:\/\/kljb-oedekoven.de\/wp-content\/uploads\/2020\/06\/1-1024x385.jpg\" alt=\"\" class=\"wp-image-578\" srcset=\"https:\/\/kljb-oedekoven.de\/wp-content\/uploads\/2020\/06\/1-1024x385.jpg 1024w, https:\/\/kljb-oedekoven.de\/wp-content\/uploads\/2020\/06\/1-300x113.jpg 300w, https:\/\/kljb-oedekoven.de\/wp-content\/uploads\/2020\/06\/1-768x288.jpg 768w, https:\/\/kljb-oedekoven.de\/wp-content\/uploads\/2020\/06\/1-1536x577.jpg 1536w, https:\/\/kljb-oedekoven.de\/wp-content\/uploads\/2020\/06\/1-2048x769.jpg 2048w\" sizes=\"(max-width: 1024px) 100vw, 1024px\" \/><\/figure>\n\n\n\n<figure class=\"wp-block-image size-large\"><img loading=\"lazy\" width=\"1024\" height=\"683\" src=\"https:\/\/kljb-oedekoven.de\/wp-content\/uploads\/2020\/06\/2-1024x683.jpeg\" alt=\"\" class=\"wp-image-579\" srcset=\"https:\/\/kljb-oedekoven.de\/wp-content\/uploads\/2020\/06\/2-1024x683.jpeg 1024w, https:\/\/kljb-oedekoven.de\/wp-content\/uploads\/2020\/06\/2-300x200.jpeg 300w, https:\/\/kljb-oedekoven.de\/wp-content\/uploads\/2020\/06\/2-768x512.jpeg 768w, https:\/\/kljb-oedekoven.de\/wp-content\/uploads\/2020\/06\/2-1536x1024.jpeg 1536w, https:\/\/kljb-oedekoven.de\/wp-content\/uploads\/2020\/06\/2-2048x1365.jpeg 2048w\" sizes=\"(max-width: 1024px) 100vw, 1024px\" \/><\/figure>\n\n\n\n<figure class=\"wp-block-image size-large\"><img loading=\"lazy\" width=\"1024\" height=\"683\" src=\"https:\/\/kljb-oedekoven.de\/wp-content\/uploads\/2020\/06\/3-1024x683.jpeg\" alt=\"\" class=\"wp-image-580\" srcset=\"https:\/\/kljb-oedekoven.de\/wp-content\/uploads\/2020\/06\/3-1024x683.jpeg 1024w, https:\/\/kljb-oedekoven.de\/wp-content\/uploads\/2020\/06\/3-300x200.jpeg 300w, https:\/\/kljb-oedekoven.de\/wp-content\/uploads\/2020\/06\/3-768x512.jpeg 768w, https:\/\/kljb-oedekoven.de\/wp-content\/uploads\/2020\/06\/3-1536x1024.jpeg 1536w, https:\/\/kljb-oedekoven.de\/wp-content\/uploads\/2020\/06\/3-2048x1365.jpeg 2048w\" sizes=\"(max-width: 1024px) 100vw, 1024px\" \/><\/figure>\n\n\n\n<figure class=\"wp-block-image size-large\"><img loading=\"lazy\" width=\"1024\" height=\"635\" src=\"https:\/\/kljb-oedekoven.de\/wp-content\/uploads\/2020\/06\/4-1024x635.jpg\" alt=\"\" class=\"wp-image-581\" srcset=\"https:\/\/kljb-oedekoven.de\/wp-content\/uploads\/2020\/06\/4-1024x635.jpg 1024w, https:\/\/kljb-oedekoven.de\/wp-content\/uploads\/2020\/06\/4-300x186.jpg 300w, https:\/\/kljb-oedekoven.de\/wp-content\/uploads\/2020\/06\/4-768x476.jpg 768w, https:\/\/kljb-oedekoven.de\/wp-content\/uploads\/2020\/06\/4-1536x952.jpg 1536w, https:\/\/kljb-oedekoven.de\/wp-content\/uploads\/2020\/06\/4-2048x1270.jpg 2048w\" sizes=\"(max-width: 1024px) 100vw, 1024px\" \/><\/figure>\n\n\n\n<figure class=\"wp-block-image size-large\"><img loading=\"lazy\" width=\"1024\" height=\"768\" src=\"https:\/\/kljb-oedekoven.de\/wp-content\/uploads\/2020\/06\/6-1024x768.jpg\" alt=\"\" class=\"wp-image-582\" srcset=\"https:\/\/kljb-oedekoven.de\/wp-content\/uploads\/2020\/06\/6-1024x768.jpg 1024w, https:\/\/kljb-oedekoven.de\/wp-content\/uploads\/2020\/06\/6-300x225.jpg 300w, https:\/\/kljb-oedekoven.de\/wp-content\/uploads\/2020\/06\/6-768x576.jpg 768w, https:\/\/kljb-oedekoven.de\/wp-content\/uploads\/2020\/06\/6-1536x1152.jpg 1536w, https:\/\/kljb-oedekoven.de\/wp-content\/uploads\/2020\/06\/6-2048x1536.jpg 2048w\" sizes=\"(max-width: 1024px) 100vw, 1024px\" \/><\/figure>\n","protected":false},"excerpt":{"rendered":"<p>Montag, 29.06.2020 Ein Tag auf dem ASP \u2013 Tagesablauf von Kindern und Betreuern Der Tag auf dem ASP beginnt f\u00fcr das gesamte Betreuer-Team jeden Morgen um 8:45 Uhr mit einem gemeinsamen Fr\u00fchst\u00fcck. Nach dem Fr\u00fchst\u00fcck briefen die Leiter das Team, erkl\u00e4ren die Besonderheiten, die an diesem Tag anstehen und welche Aufgaben noch zu erledigen sind. [&hellip;]<\/p>\n","protected":false},"author":2,"featured_media":0,"parent":0,"menu_order":0,"comment_status":"closed","ping_status":"closed","template":"","meta":[],"_links":{"self":[{"href":"https:\/\/kljb-oedekoven.de\/index.php?rest_route=\/wp\/v2\/pages\/577"}],"collection":[{"href":"https:\/\/kljb-oedekoven.de\/index.php?rest_route=\/wp\/v2\/pages"}],"about":[{"href":"https:\/\/kljb-oedekoven.de\/index.php?rest_route=\/wp\/v2\/types\/page"}],"author":[{"embeddable":true,"href":"https:\/\/kljb-oedekoven.de\/index.php?rest_route=\/wp\/v2\/users\/2"}],"replies":[{"embeddable":true,"href":"https:\/\/kljb-oedekoven.de\/index.php?rest_route=%2Fwp%2Fv2%2Fcomments&post=577"}],"version-history":[{"count":3,"href":"https:\/\/kljb-oedekoven.de\/index.php?rest_route=\/wp\/v2\/pages\/577\/revisions"}],"predecessor-version":[{"id":593,"href":"https:\/\/kljb-oedekoven.de\/index.php?rest_route=\/wp\/v2\/pages\/577\/revisions\/593"}],"wp:attachment":[{"href":"https:\/\/kljb-oedekoven.de\/index.php?rest_route=%2Fwp%2Fv2%2Fmedia&parent=577"}],"curies":[{"name":"wp","href":"https:\/\/api.w.org\/{rel}","templated":true}]}}