{"id":603,"date":"2020-07-01T12:46:42","date_gmt":"2020-07-01T10:46:42","guid":{"rendered":"https:\/\/kljb-oedekoven.de\/?page_id=603"},"modified":"2020-07-01T12:46:43","modified_gmt":"2020-07-01T10:46:43","slug":"tag-3","status":"publish","type":"page","link":"https:\/\/kljb-oedekoven.de\/?page_id=603","title":{"rendered":"Tag 3"},"content":{"rendered":"\n<p><strong>Mittwoch, 01.07.2020 Die Besonderheit der ASP-T-Shirts<\/strong><\/p>\n\n\n\n<p>Jedes Jahr tragen wir Betreuer unsere ASP-T-Shirts. Diese werden j\u00e4hrlich neu entworfen, sind deshalb ein absolut heiliges Gut und werden von uns als Erinnerung flei\u00dfig gesammelt.<\/p>\n\n\n\n<p>Die T-Shirts wurden 2008 vom damaligen ASP-Leiter Dominik Bitzenhofer eingef\u00fchrt und dienen der Wiedererkennung. Dann wisst ihr immer, an wen ihr euch wenden k\u00f6nnt, wenn ihr einen Betreuer braucht. Au\u00dferdem stehen auch unsere Namen auf den T-Shirts, damit ihr immer wisst, wer wir sind.<\/p>\n\n\n\n<p>Mit den T-Shirts ist das wie mit dem ASP-Lied. Wie die T-Shirts aussehen, wei\u00df bis zum ersten ASP-Tag niemand. Sie werden von den Leitern erstellt und alle lassen sich \u00fcberraschen.<\/p>\n\n\n\n<p>Wir sind auf jedes T-Shirt stolz, das wir im Schrank haben und auch, wenn man sie nicht im Alltag tr\u00e4gt, wird man sich nie von ihnen trennen.<\/p>\n\n\n\n<p>Hier eine \u00dcbersicht der Farben aller ASP-T-Shirts:<\/p>\n\n\n\n<ul><li><strong>ASP 2008:<\/strong> Orange<\/li><li><strong>ASP 2009:<\/strong> Dunkelgr\u00fcn<\/li><li><strong>ASP 2010:<\/strong> Dunkelblau<\/li><li><strong>ASP 2011:<\/strong> Hellblau<\/li><li><strong>ASP 2012:<\/strong> Orange<\/li><li><strong>ASP 2013:<\/strong> Rot<\/li><li><strong>ASP 2014:<\/strong> Gr\u00fcn<\/li><li><strong>ASP 2015:<\/strong> Bordeauxrot<\/li><li><strong>ASP 2016:<\/strong> Hellgelb<\/li><li><strong>ASP 2017:<\/strong> Orange<\/li><li><strong>ASP 2018:<\/strong> Rosa<\/li><li><strong>ASP 2019:<\/strong> T\u00fcrkis<\/li><\/ul>\n\n\n\n<figure class=\"wp-block-image size-large\"><img loading=\"lazy\" width=\"1024\" height=\"768\" src=\"https:\/\/kljb-oedekoven.de\/wp-content\/uploads\/2020\/07\/1-1024x768.jpg\" alt=\"\" class=\"wp-image-604\" srcset=\"https:\/\/kljb-oedekoven.de\/wp-content\/uploads\/2020\/07\/1-1024x768.jpg 1024w, https:\/\/kljb-oedekoven.de\/wp-content\/uploads\/2020\/07\/1-300x225.jpg 300w, https:\/\/kljb-oedekoven.de\/wp-content\/uploads\/2020\/07\/1-768x576.jpg 768w, https:\/\/kljb-oedekoven.de\/wp-content\/uploads\/2020\/07\/1-1536x1152.jpg 1536w, https:\/\/kljb-oedekoven.de\/wp-content\/uploads\/2020\/07\/1-2048x1536.jpg 2048w\" sizes=\"(max-width: 1024px) 100vw, 1024px\" \/><\/figure>\n\n\n\n<figure class=\"wp-block-image size-large\"><img loading=\"lazy\" width=\"1024\" height=\"768\" src=\"https:\/\/kljb-oedekoven.de\/wp-content\/uploads\/2020\/07\/2-1024x768.jpg\" alt=\"\" class=\"wp-image-605\" srcset=\"https:\/\/kljb-oedekoven.de\/wp-content\/uploads\/2020\/07\/2-1024x768.jpg 1024w, https:\/\/kljb-oedekoven.de\/wp-content\/uploads\/2020\/07\/2-300x225.jpg 300w, https:\/\/kljb-oedekoven.de\/wp-content\/uploads\/2020\/07\/2-768x576.jpg 768w, https:\/\/kljb-oedekoven.de\/wp-content\/uploads\/2020\/07\/2-1536x1152.jpg 1536w, https:\/\/kljb-oedekoven.de\/wp-content\/uploads\/2020\/07\/2-2048x1536.jpg 2048w\" sizes=\"(max-width: 1024px) 100vw, 1024px\" \/><\/figure>\n\n\n\n<figure class=\"wp-block-image size-large\"><img loading=\"lazy\" width=\"1024\" height=\"768\" src=\"https:\/\/kljb-oedekoven.de\/wp-content\/uploads\/2020\/07\/3-1024x768.jpg\" alt=\"\" class=\"wp-image-606\" srcset=\"https:\/\/kljb-oedekoven.de\/wp-content\/uploads\/2020\/07\/3-1024x768.jpg 1024w, https:\/\/kljb-oedekoven.de\/wp-content\/uploads\/2020\/07\/3-300x225.jpg 300w, https:\/\/kljb-oedekoven.de\/wp-content\/uploads\/2020\/07\/3-768x576.jpg 768w, https:\/\/kljb-oedekoven.de\/wp-content\/uploads\/2020\/07\/3-1536x1152.jpg 1536w, https:\/\/kljb-oedekoven.de\/wp-content\/uploads\/2020\/07\/3-2048x1536.jpg 2048w\" sizes=\"(max-width: 1024px) 100vw, 1024px\" \/><\/figure>\n\n\n\n<figure class=\"wp-block-image size-large\"><img loading=\"lazy\" width=\"1024\" height=\"768\" src=\"https:\/\/kljb-oedekoven.de\/wp-content\/uploads\/2020\/07\/4-1024x768.jpg\" alt=\"\" class=\"wp-image-607\" srcset=\"https:\/\/kljb-oedekoven.de\/wp-content\/uploads\/2020\/07\/4-1024x768.jpg 1024w, https:\/\/kljb-oedekoven.de\/wp-content\/uploads\/2020\/07\/4-300x225.jpg 300w, https:\/\/kljb-oedekoven.de\/wp-content\/uploads\/2020\/07\/4-768x576.jpg 768w, https:\/\/kljb-oedekoven.de\/wp-content\/uploads\/2020\/07\/4-1536x1152.jpg 1536w, https:\/\/kljb-oedekoven.de\/wp-content\/uploads\/2020\/07\/4-2048x1536.jpg 2048w\" sizes=\"(max-width: 1024px) 100vw, 1024px\" \/><\/figure>\n","protected":false},"excerpt":{"rendered":"<p>Mittwoch, 01.07.2020 Die Besonderheit der ASP-T-Shirts Jedes Jahr tragen wir Betreuer unsere ASP-T-Shirts. Diese werden j\u00e4hrlich neu entworfen, sind deshalb ein absolut heiliges Gut und werden von uns als Erinnerung flei\u00dfig gesammelt. Die T-Shirts wurden 2008 vom damaligen ASP-Leiter Dominik Bitzenhofer eingef\u00fchrt und dienen der Wiedererkennung. Dann wisst ihr immer, an wen ihr euch wenden [&hellip;]<\/p>\n","protected":false},"author":2,"featured_media":0,"parent":0,"menu_order":0,"comment_status":"closed","ping_status":"closed","template":"","meta":[],"_links":{"self":[{"href":"https:\/\/kljb-oedekoven.de\/index.php?rest_route=\/wp\/v2\/pages\/603"}],"collection":[{"href":"https:\/\/kljb-oedekoven.de\/index.php?rest_route=\/wp\/v2\/pages"}],"about":[{"href":"https:\/\/kljb-oedekoven.de\/index.php?rest_route=\/wp\/v2\/types\/page"}],"author":[{"embeddable":true,"href":"https:\/\/kljb-oedekoven.de\/index.php?rest_route=\/wp\/v2\/users\/2"}],"replies":[{"embeddable":true,"href":"https:\/\/kljb-oedekoven.de\/index.php?rest_route=%2Fwp%2Fv2%2Fcomments&post=603"}],"version-history":[{"count":1,"href":"https:\/\/kljb-oedekoven.de\/index.php?rest_route=\/wp\/v2\/pages\/603\/revisions"}],"predecessor-version":[{"id":608,"href":"https:\/\/kljb-oedekoven.de\/index.php?rest_route=\/wp\/v2\/pages\/603\/revisions\/608"}],"wp:attachment":[{"href":"https:\/\/kljb-oedekoven.de\/index.php?rest_route=%2Fwp%2Fv2%2Fmedia&parent=603"}],"curies":[{"name":"wp","href":"https:\/\/api.w.org\/{rel}","templated":true}]}}