{"id":617,"date":"2020-07-03T09:13:37","date_gmt":"2020-07-03T07:13:37","guid":{"rendered":"https:\/\/kljb-oedekoven.de\/?page_id=617"},"modified":"2020-07-03T09:21:51","modified_gmt":"2020-07-03T07:21:51","slug":"tag-5","status":"publish","type":"page","link":"https:\/\/kljb-oedekoven.de\/?page_id=617","title":{"rendered":"Tag 5"},"content":{"rendered":"\n<p><strong>Freitag, 03.07.2020<\/strong> <strong>Die Aufgaben von Leitern und Betreuern<\/strong><\/p>\n\n\n\n<p>Um einen reibungslosen ASP-Ablauf zu gew\u00e4hren, m\u00fcssen viele Aufgaben verteilt werden und wir m\u00fcssen Hand in Hand arbeiten. Der ASP, mit 200 Teilnehmern, ist eine kleine organisatorische Meisterleistung, bei der sich jeder von uns auf den anderen verlassen k\u00f6nnen muss.<\/p>\n\n\n\n<p>Die ASP-Leiter sind unsere Chefs. Was sie sagen gilt. Sie organisieren schon im Vorfeld den gesamten Ablauf, stellen Antr\u00e4ge, treffen sich mit der Gemeindeverwaltung, k\u00fcmmern sich um Bauwagen und Holz und verteilen die kleineren Aufgaben an uns Betreuer. Diese Aufgaben werden schon vor dem ASP auf unseren Vortreffen verteilt, damit schon vor Beginn des ASPs mit der Organisation begonnen werden kann. Schon Monate vorher sind die Leiter 24\/7 erreichbar und der ASP ist Gespr\u00e4chsthema Nummer eins.<\/p>\n\n\n\n<p>In der ASP-Zeit arbeiten wir in unterschiedlichen Teams und teilen uns die Aufgaben auf.<\/p>\n\n\n\n<p>So haben wir zum Beispiel ein <strong>K\u00fcchenteam<\/strong>. Das kocht jeden Tag das Mittagessen f\u00fcr die Kinder. Au\u00dferdem schreibt es jeden Tag einen Einkaufszettel und k\u00fcmmert sich um die Ordnung im K\u00fcchenzelt.<\/p>\n\n\n\n<p>Wir haben auch einen <strong>Fahrer<\/strong>, der f\u00fcr uns jeden Einkauf erledigt. Er kauft jeden Tag f\u00fcr das Mittagessen ein, besorgt N\u00e4gel und Werkzeug und all die Kleinigkeiten, die man sonst so braucht.<\/p>\n\n\n\n<p>Des Weiteren haben wir ein <strong>Team von Schul- und Rettungssanit\u00e4tern und Medizinstudenten<\/strong>, die sich um die Erstversorgung bei kleineren Verletzungen k\u00fcmmern.<\/p>\n\n\n\n<p>Unser <strong>Kassenteam<\/strong> organisiert das Kassenzelt. Es k\u00fcmmert sich den ganzen Tag um eure An- und Abmeldungen, verleiht H\u00e4mmer und S\u00e4gen und baut jeden Tag unser PCs auf und wieder ab.<\/p>\n\n\n\n<p>Unsere <strong>\u201ePressesprecherin\u201c<\/strong> schreibt unsere Artikel und Beitr\u00e4ge, k\u00fcmmert sich um die Auftritte auf unseren Socialmediakan\u00e4len und unserer Homepage und steht mit der Presse in Kontakt.<\/p>\n\n\n\n<p>Zu unseren Aufgaben geh\u00f6rt auch das Organisieren von <strong>Workshops<\/strong>, die w\u00e4hrend des ASPs laufen. Hier k\u00f6nnen wir uns frei entfalten und eigene Ideen einbringen. Gerade die Bastelworkshops bed\u00fcrfen einer Vorlaufzeit, in der das Bastelmaterial besorgt werden und schon mal ein Vorzeigeexemplar gebastelt werden muss. Meistens laufen am Tag mehrere Workshops, damit ihr neben dem Bauen eine nette Abwechselung habt. Ihr k\u00f6nnt mit uns bei solchen Workshops zum Beispiel T-Shirts oder Stofft\u00fcten bemalen, euch schminken lassen, Trommeln aus Blument\u00f6pfen basteln, sie bemalen oder bepflanzen, Spiegel bekleben, Armb\u00e4nder und Schl\u00fcsselanh\u00e4nger basteln oder Fahnen f\u00fcr eure Buden malen. Der ASP besteht f\u00fcr uns nicht nur daraus, euch beim Bauen der Buden zu helfen. Unsere meisten Aufgaben laufen eher im Hintergrund ab.<br><\/p>\n\n\n\n<figure class=\"wp-block-image size-large\"><img loading=\"lazy\" width=\"768\" height=\"1024\" src=\"https:\/\/kljb-oedekoven.de\/wp-content\/uploads\/2020\/07\/1-2-768x1024.jpg\" alt=\"\" class=\"wp-image-618\" srcset=\"https:\/\/kljb-oedekoven.de\/wp-content\/uploads\/2020\/07\/1-2-768x1024.jpg 768w, https:\/\/kljb-oedekoven.de\/wp-content\/uploads\/2020\/07\/1-2-225x300.jpg 225w, https:\/\/kljb-oedekoven.de\/wp-content\/uploads\/2020\/07\/1-2-1152x1536.jpg 1152w, https:\/\/kljb-oedekoven.de\/wp-content\/uploads\/2020\/07\/1-2-1536x2048.jpg 1536w, https:\/\/kljb-oedekoven.de\/wp-content\/uploads\/2020\/07\/1-2-scaled.jpg 1920w\" sizes=\"(max-width: 768px) 100vw, 768px\" \/><\/figure>\n\n\n\n<figure class=\"wp-block-image size-large\"><img loading=\"lazy\" width=\"1024\" height=\"768\" src=\"https:\/\/kljb-oedekoven.de\/wp-content\/uploads\/2020\/07\/2-2-1024x768.jpg\" alt=\"\" class=\"wp-image-619\" srcset=\"https:\/\/kljb-oedekoven.de\/wp-content\/uploads\/2020\/07\/2-2-1024x768.jpg 1024w, https:\/\/kljb-oedekoven.de\/wp-content\/uploads\/2020\/07\/2-2-300x225.jpg 300w, https:\/\/kljb-oedekoven.de\/wp-content\/uploads\/2020\/07\/2-2-768x576.jpg 768w, https:\/\/kljb-oedekoven.de\/wp-content\/uploads\/2020\/07\/2-2-1536x1152.jpg 1536w, https:\/\/kljb-oedekoven.de\/wp-content\/uploads\/2020\/07\/2-2-2048x1536.jpg 2048w\" sizes=\"(max-width: 1024px) 100vw, 1024px\" \/><\/figure>\n\n\n\n<figure class=\"wp-block-image size-large\"><img loading=\"lazy\" width=\"1024\" height=\"576\" src=\"https:\/\/kljb-oedekoven.de\/wp-content\/uploads\/2020\/07\/3-2-1024x576.jpg\" alt=\"\" class=\"wp-image-620\" srcset=\"https:\/\/kljb-oedekoven.de\/wp-content\/uploads\/2020\/07\/3-2-1024x576.jpg 1024w, https:\/\/kljb-oedekoven.de\/wp-content\/uploads\/2020\/07\/3-2-300x169.jpg 300w, https:\/\/kljb-oedekoven.de\/wp-content\/uploads\/2020\/07\/3-2-768x432.jpg 768w, https:\/\/kljb-oedekoven.de\/wp-content\/uploads\/2020\/07\/3-2.jpg 1280w\" sizes=\"(max-width: 1024px) 100vw, 1024px\" \/><\/figure>\n\n\n\n<figure class=\"wp-block-image size-large\"><img loading=\"lazy\" width=\"1024\" height=\"614\" src=\"https:\/\/kljb-oedekoven.de\/wp-content\/uploads\/2020\/07\/4-2-1024x614.jpg\" alt=\"\" class=\"wp-image-621\" srcset=\"https:\/\/kljb-oedekoven.de\/wp-content\/uploads\/2020\/07\/4-2-1024x614.jpg 1024w, https:\/\/kljb-oedekoven.de\/wp-content\/uploads\/2020\/07\/4-2-300x180.jpg 300w, https:\/\/kljb-oedekoven.de\/wp-content\/uploads\/2020\/07\/4-2-768x461.jpg 768w, https:\/\/kljb-oedekoven.de\/wp-content\/uploads\/2020\/07\/4-2-1536x922.jpg 1536w, https:\/\/kljb-oedekoven.de\/wp-content\/uploads\/2020\/07\/4-2-2048x1229.jpg 2048w\" sizes=\"(max-width: 1024px) 100vw, 1024px\" \/><\/figure>\n","protected":false},"excerpt":{"rendered":"<p>Freitag, 03.07.2020 Die Aufgaben von Leitern und Betreuern Um einen reibungslosen ASP-Ablauf zu gew\u00e4hren, m\u00fcssen viele Aufgaben verteilt werden und wir m\u00fcssen Hand in Hand arbeiten. Der ASP, mit 200 Teilnehmern, ist eine kleine organisatorische Meisterleistung, bei der sich jeder von uns auf den anderen verlassen k\u00f6nnen muss. Die ASP-Leiter sind unsere Chefs. Was sie [&hellip;]<\/p>\n","protected":false},"author":2,"featured_media":0,"parent":0,"menu_order":0,"comment_status":"closed","ping_status":"closed","template":"","meta":[],"_links":{"self":[{"href":"https:\/\/kljb-oedekoven.de\/index.php?rest_route=\/wp\/v2\/pages\/617"}],"collection":[{"href":"https:\/\/kljb-oedekoven.de\/index.php?rest_route=\/wp\/v2\/pages"}],"about":[{"href":"https:\/\/kljb-oedekoven.de\/index.php?rest_route=\/wp\/v2\/types\/page"}],"author":[{"embeddable":true,"href":"https:\/\/kljb-oedekoven.de\/index.php?rest_route=\/wp\/v2\/users\/2"}],"replies":[{"embeddable":true,"href":"https:\/\/kljb-oedekoven.de\/index.php?rest_route=%2Fwp%2Fv2%2Fcomments&post=617"}],"version-history":[{"count":3,"href":"https:\/\/kljb-oedekoven.de\/index.php?rest_route=\/wp\/v2\/pages\/617\/revisions"}],"predecessor-version":[{"id":625,"href":"https:\/\/kljb-oedekoven.de\/index.php?rest_route=\/wp\/v2\/pages\/617\/revisions\/625"}],"wp:attachment":[{"href":"https:\/\/kljb-oedekoven.de\/index.php?rest_route=%2Fwp%2Fv2%2Fmedia&parent=617"}],"curies":[{"name":"wp","href":"https:\/\/api.w.org\/{rel}","templated":true}]}}