{"id":626,"date":"2020-07-04T09:58:11","date_gmt":"2020-07-04T07:58:11","guid":{"rendered":"https:\/\/kljb-oedekoven.de\/?page_id=626"},"modified":"2020-07-04T17:00:36","modified_gmt":"2020-07-04T15:00:36","slug":"tag-6","status":"publish","type":"page","link":"https:\/\/kljb-oedekoven.de\/?page_id=626","title":{"rendered":"Tag 6"},"content":{"rendered":"\n<p><strong>Samstag, 04.07.2020<\/strong> Das F\u00f6rdermitgliedergrillen<\/p>\n\n\n\n<p>Am Wochenende zwischen der ersten und der zweiten ASP-Woche legt der ASP f\u00fcr euch Kinder eine Pause ein. F\u00fcr das Betreuer-Team geht er weiter. An diesem Samstag findet jedes Jahr das sog. \u201eF\u00f6rdermitgliedergrillen\u201c statt. Dazu laden wir all unsere F\u00f6rdermitglieder, Unterst\u00fctzer und unsere Eltern ein.<\/p>\n\n\n\n<p>Ohne sie k\u00f6nnte unser ASP in der Form nicht stattfindet. Ob als Unterst\u00fctzung mit Sach- oder Geldspenden oder tatkr\u00e4ftiges zur Hand gehen, wir sind jedem dankbar, der einen Teil dazu beitr\u00e4gt.<\/p>\n\n\n\n<p>F\u00fcr uns sieht dieser Tag wie folgt aus: Wir treffen uns morgens wieder auf dem Platz, um gemeinsam die Vorbereitungen f\u00fcr den Abend zu treffen. Wir r\u00e4umen den Platz auf, schm\u00fccken ihn, bauen stilecht im ASP-Look eine Theke, teilen uns in Kellner- und Sp\u00fclschichten ein und k\u00fcmmern uns um die Verpflegung. Jeder Betreuer (oder die jeweilige Mutter :p) steuert eine kleine K\u00f6stlichkeit zu unserem Buffet bei.<\/p>\n\n\n\n<p>Abends bewirten wir dann unsere G\u00e4ste, um uns bei ihnen zu bedanken und etwas zur\u00fcckzugeben.<\/p>\n\n\n\n<p>Wir haben gl\u00fccklicherweise sowohl private als auch gewerbliche F\u00f6rdermitglieder. Au\u00dferdem unterst\u00fctzen uns viele regionale Unternehmen mit Sach- oder Geldspenden.<\/p>\n\n\n\n<p>So tragen der Hofladen Mandt und die REWE Group immer einen Teil zu unserem Mittagessen bei. Der Baustoffhandel Fassbender Tenten steuert N\u00e4gel und Werkzeug bei, die Baumschule Fuh\u00df sponsert Blumen zur Dekoration. Beim Bauhof der Gemeinde Alfter k\u00f6nnen wir unser Holz einlagern und den Bauwagen abstellen. Auch die Kreissparkasse K\u00f6ln, die VR-Bank Bonn, die Oedekovener Kleiderstube und der Getr\u00e4nkemarkt Trinkgut unterst\u00fctzen uns mit Spenden.<\/p>\n\n\n\n<p>F\u00fcr diese Unterst\u00fctzung sind wir sehr dankbar!<\/p>\n\n\n\n<p>Ein Anmeldeformular f\u00fcr eine F\u00f6rdermitgliedschaft ist hier auf unserer Homepage unter &#8222;Wir \u00fcber uns &#8211; Unsere F\u00f6rdermitglieder&#8220; zu finden. Wir freuen uns \u00fcber jeden, der dazu kommt.<\/p>\n\n\n\n<figure class=\"wp-block-image size-large\"><img loading=\"lazy\" width=\"1024\" height=\"682\" src=\"https:\/\/kljb-oedekoven.de\/wp-content\/uploads\/2020\/07\/1-3-1024x682.jpg\" alt=\"\" class=\"wp-image-629\" srcset=\"https:\/\/kljb-oedekoven.de\/wp-content\/uploads\/2020\/07\/1-3-1024x682.jpg 1024w, https:\/\/kljb-oedekoven.de\/wp-content\/uploads\/2020\/07\/1-3-300x200.jpg 300w, https:\/\/kljb-oedekoven.de\/wp-content\/uploads\/2020\/07\/1-3-768x511.jpg 768w, https:\/\/kljb-oedekoven.de\/wp-content\/uploads\/2020\/07\/1-3-1536x1022.jpg 1536w, https:\/\/kljb-oedekoven.de\/wp-content\/uploads\/2020\/07\/1-3-2048x1363.jpg 2048w\" sizes=\"(max-width: 1024px) 100vw, 1024px\" \/><\/figure>\n\n\n\n<figure class=\"wp-block-image size-large\"><img loading=\"lazy\" width=\"1024\" height=\"768\" src=\"https:\/\/kljb-oedekoven.de\/wp-content\/uploads\/2020\/07\/2-3-1024x768.jpg\" alt=\"\" class=\"wp-image-630\" srcset=\"https:\/\/kljb-oedekoven.de\/wp-content\/uploads\/2020\/07\/2-3-1024x768.jpg 1024w, https:\/\/kljb-oedekoven.de\/wp-content\/uploads\/2020\/07\/2-3-300x225.jpg 300w, https:\/\/kljb-oedekoven.de\/wp-content\/uploads\/2020\/07\/2-3-768x576.jpg 768w, https:\/\/kljb-oedekoven.de\/wp-content\/uploads\/2020\/07\/2-3-1536x1152.jpg 1536w, https:\/\/kljb-oedekoven.de\/wp-content\/uploads\/2020\/07\/2-3-2048x1536.jpg 2048w\" sizes=\"(max-width: 1024px) 100vw, 1024px\" \/><\/figure>\n\n\n\n<figure class=\"wp-block-image size-large\"><img loading=\"lazy\" width=\"1024\" height=\"352\" src=\"https:\/\/kljb-oedekoven.de\/wp-content\/uploads\/2020\/07\/3-3-1024x352.jpg\" alt=\"\" class=\"wp-image-631\" srcset=\"https:\/\/kljb-oedekoven.de\/wp-content\/uploads\/2020\/07\/3-3-1024x352.jpg 1024w, https:\/\/kljb-oedekoven.de\/wp-content\/uploads\/2020\/07\/3-3-300x103.jpg 300w, https:\/\/kljb-oedekoven.de\/wp-content\/uploads\/2020\/07\/3-3-768x264.jpg 768w, https:\/\/kljb-oedekoven.de\/wp-content\/uploads\/2020\/07\/3-3-1536x527.jpg 1536w, https:\/\/kljb-oedekoven.de\/wp-content\/uploads\/2020\/07\/3-3-2048x703.jpg 2048w\" sizes=\"(max-width: 1024px) 100vw, 1024px\" \/><\/figure>\n","protected":false},"excerpt":{"rendered":"<p>Samstag, 04.07.2020 Das F\u00f6rdermitgliedergrillen Am Wochenende zwischen der ersten und der zweiten ASP-Woche legt der ASP f\u00fcr euch Kinder eine Pause ein. F\u00fcr das Betreuer-Team geht er weiter. An diesem Samstag findet jedes Jahr das sog. \u201eF\u00f6rdermitgliedergrillen\u201c statt. Dazu laden wir all unsere F\u00f6rdermitglieder, Unterst\u00fctzer und unsere Eltern ein. Ohne sie k\u00f6nnte unser ASP in [&hellip;]<\/p>\n","protected":false},"author":2,"featured_media":0,"parent":0,"menu_order":0,"comment_status":"closed","ping_status":"closed","template":"","meta":[],"_links":{"self":[{"href":"https:\/\/kljb-oedekoven.de\/index.php?rest_route=\/wp\/v2\/pages\/626"}],"collection":[{"href":"https:\/\/kljb-oedekoven.de\/index.php?rest_route=\/wp\/v2\/pages"}],"about":[{"href":"https:\/\/kljb-oedekoven.de\/index.php?rest_route=\/wp\/v2\/types\/page"}],"author":[{"embeddable":true,"href":"https:\/\/kljb-oedekoven.de\/index.php?rest_route=\/wp\/v2\/users\/2"}],"replies":[{"embeddable":true,"href":"https:\/\/kljb-oedekoven.de\/index.php?rest_route=%2Fwp%2Fv2%2Fcomments&post=626"}],"version-history":[{"count":3,"href":"https:\/\/kljb-oedekoven.de\/index.php?rest_route=\/wp\/v2\/pages\/626\/revisions"}],"predecessor-version":[{"id":635,"href":"https:\/\/kljb-oedekoven.de\/index.php?rest_route=\/wp\/v2\/pages\/626\/revisions\/635"}],"wp:attachment":[{"href":"https:\/\/kljb-oedekoven.de\/index.php?rest_route=%2Fwp%2Fv2%2Fmedia&parent=626"}],"curies":[{"name":"wp","href":"https:\/\/api.w.org\/{rel}","templated":true}]}}