{"id":636,"date":"2020-07-05T17:11:51","date_gmt":"2020-07-05T15:11:51","guid":{"rendered":"https:\/\/kljb-oedekoven.de\/?page_id=636"},"modified":"2020-07-05T17:43:18","modified_gmt":"2020-07-05T15:43:18","slug":"tag-7","status":"publish","type":"page","link":"https:\/\/kljb-oedekoven.de\/?page_id=636","title":{"rendered":"Tag 7"},"content":{"rendered":"\n<p><strong>Sonntag, 05.07.2020<\/strong> Der einzige freie Tag<\/p>\n\n\n\n<p>Heute w\u00e4re der Tag auf dem ASP, an dem wir durchatmen k\u00f6nnten.<\/p>\n\n\n\n<p>Da samstags immer unser F\u00f6rdermitgliedergrillen stattfindet, treffen wir uns Sonntagmittag wieder auf dem Platz, um aufzur\u00e4umen und abzubauen. Nach getaner Arbeit k\u00f6nnen wir den Tag nutzen, wie wir m\u00f6chten. An hei\u00dfen Tagen bauen wir meistens einen Pool auf und k\u00fchlen uns darin ab. Manche Betreuer spielen Fu\u00dfball oder andere lustige gesellige Spiele, manche liegen einfach entspannt auf der Wiese in der Sonne und ruhen sich aus. Wir tanken neue Kraft f\u00fcr die bevorstehende Woche und genie\u00dfen die ruhigen Momente auf dem Platz.<\/p>\n\n\n\n<figure class=\"wp-block-image size-large\"><img loading=\"lazy\" width=\"1024\" height=\"614\" src=\"https:\/\/kljb-oedekoven.de\/wp-content\/uploads\/2020\/07\/1-4-1024x614.jpg\" alt=\"\" class=\"wp-image-637\" srcset=\"https:\/\/kljb-oedekoven.de\/wp-content\/uploads\/2020\/07\/1-4-1024x614.jpg 1024w, https:\/\/kljb-oedekoven.de\/wp-content\/uploads\/2020\/07\/1-4-300x180.jpg 300w, https:\/\/kljb-oedekoven.de\/wp-content\/uploads\/2020\/07\/1-4-768x461.jpg 768w, https:\/\/kljb-oedekoven.de\/wp-content\/uploads\/2020\/07\/1-4-1536x922.jpg 1536w, https:\/\/kljb-oedekoven.de\/wp-content\/uploads\/2020\/07\/1-4-2048x1229.jpg 2048w\" sizes=\"(max-width: 1024px) 100vw, 1024px\" \/><\/figure>\n\n\n\n<figure class=\"wp-block-image size-large\"><img loading=\"lazy\" width=\"1024\" height=\"768\" src=\"https:\/\/kljb-oedekoven.de\/wp-content\/uploads\/2020\/07\/2-4-1024x768.jpg\" alt=\"\" class=\"wp-image-638\" srcset=\"https:\/\/kljb-oedekoven.de\/wp-content\/uploads\/2020\/07\/2-4-1024x768.jpg 1024w, https:\/\/kljb-oedekoven.de\/wp-content\/uploads\/2020\/07\/2-4-300x225.jpg 300w, https:\/\/kljb-oedekoven.de\/wp-content\/uploads\/2020\/07\/2-4-768x576.jpg 768w, https:\/\/kljb-oedekoven.de\/wp-content\/uploads\/2020\/07\/2-4-1536x1152.jpg 1536w, https:\/\/kljb-oedekoven.de\/wp-content\/uploads\/2020\/07\/2-4-2048x1536.jpg 2048w\" sizes=\"(max-width: 1024px) 100vw, 1024px\" \/><\/figure>\n","protected":false},"excerpt":{"rendered":"<p>Sonntag, 05.07.2020 Der einzige freie Tag Heute w\u00e4re der Tag auf dem ASP, an dem wir durchatmen k\u00f6nnten. Da samstags immer unser F\u00f6rdermitgliedergrillen stattfindet, treffen wir uns Sonntagmittag wieder auf dem Platz, um aufzur\u00e4umen und abzubauen. Nach getaner Arbeit k\u00f6nnen wir den Tag nutzen, wie wir m\u00f6chten. An hei\u00dfen Tagen bauen wir meistens einen Pool [&hellip;]<\/p>\n","protected":false},"author":2,"featured_media":0,"parent":0,"menu_order":0,"comment_status":"closed","ping_status":"closed","template":"","meta":[],"_links":{"self":[{"href":"https:\/\/kljb-oedekoven.de\/index.php?rest_route=\/wp\/v2\/pages\/636"}],"collection":[{"href":"https:\/\/kljb-oedekoven.de\/index.php?rest_route=\/wp\/v2\/pages"}],"about":[{"href":"https:\/\/kljb-oedekoven.de\/index.php?rest_route=\/wp\/v2\/types\/page"}],"author":[{"embeddable":true,"href":"https:\/\/kljb-oedekoven.de\/index.php?rest_route=\/wp\/v2\/users\/2"}],"replies":[{"embeddable":true,"href":"https:\/\/kljb-oedekoven.de\/index.php?rest_route=%2Fwp%2Fv2%2Fcomments&post=636"}],"version-history":[{"count":2,"href":"https:\/\/kljb-oedekoven.de\/index.php?rest_route=\/wp\/v2\/pages\/636\/revisions"}],"predecessor-version":[{"id":642,"href":"https:\/\/kljb-oedekoven.de\/index.php?rest_route=\/wp\/v2\/pages\/636\/revisions\/642"}],"wp:attachment":[{"href":"https:\/\/kljb-oedekoven.de\/index.php?rest_route=%2Fwp%2Fv2%2Fmedia&parent=636"}],"curies":[{"name":"wp","href":"https:\/\/api.w.org\/{rel}","templated":true}]}}