{"id":643,"date":"2020-07-06T13:27:46","date_gmt":"2020-07-06T11:27:46","guid":{"rendered":"https:\/\/kljb-oedekoven.de\/?page_id=643"},"modified":"2020-07-06T13:29:44","modified_gmt":"2020-07-06T11:29:44","slug":"tag-8","status":"publish","type":"page","link":"https:\/\/kljb-oedekoven.de\/?page_id=643","title":{"rendered":"Tag 8"},"content":{"rendered":"\n<p><strong>Montag, 06.07.2020<\/strong> Das Mysterium Bauwagen<\/p>\n\n\n\n<p>Unser Bauwagen ist unser ganzer Stolz. Er geh\u00f6rt unserer Ortsgruppe und wird von uns repariert, renoviert und instandgehalten.<\/p>\n\n\n\n<p>Der Bauwagen ist Dreh- und Angelpunkt auf dem ASP-Gel\u00e4nde. Dort sind immer Betreuer zu finden, die euch helfen k\u00f6nnen.<\/p>\n\n\n\n<p>Im Bauwagen haben Kinder keinen Zutritt. Es ist der R\u00fcckzugsort, den das Betreuer-Team den Tag \u00fcber hat. Dort finden wir immer einen Snack, ein Br\u00f6tchen, wenn es f\u00fcr uns mal wieder kein Mittagessen gab, weil einfach zu viel zu tun war oder einen Kaffee, wenn uns ein Anflug von M\u00fcdigkeit ereilt.<\/p>\n\n\n\n<p>Der Bauwagen ist auch die Wohnung unserer Leiter. Zumindest f\u00fcr den Zeitraum des ASPs. Im Bauwagen befinden sich Betten, in denen die Leiter w\u00e4hrend des ASP schlafen. <\/p>\n\n\n\n<p>Der Bauwagen ist unsere Auffangstation f\u00fcr m\u00fcde Betreuer, Restaurant f\u00fcr hungrige Betreuerm\u00e4gen und Luxusbude f\u00fcr unsere Leiter.<\/p>\n\n\n\n<figure class=\"wp-block-image size-large\"><img loading=\"lazy\" width=\"1024\" height=\"768\" src=\"https:\/\/kljb-oedekoven.de\/wp-content\/uploads\/2020\/07\/1-5-1024x768.jpg\" alt=\"\" class=\"wp-image-644\" srcset=\"https:\/\/kljb-oedekoven.de\/wp-content\/uploads\/2020\/07\/1-5-1024x768.jpg 1024w, https:\/\/kljb-oedekoven.de\/wp-content\/uploads\/2020\/07\/1-5-300x225.jpg 300w, https:\/\/kljb-oedekoven.de\/wp-content\/uploads\/2020\/07\/1-5-768x576.jpg 768w, https:\/\/kljb-oedekoven.de\/wp-content\/uploads\/2020\/07\/1-5-1536x1152.jpg 1536w, https:\/\/kljb-oedekoven.de\/wp-content\/uploads\/2020\/07\/1-5-2048x1536.jpg 2048w\" sizes=\"(max-width: 1024px) 100vw, 1024px\" \/><\/figure>\n\n\n\n<figure class=\"wp-block-image size-large\"><img loading=\"lazy\" width=\"1024\" height=\"489\" src=\"https:\/\/kljb-oedekoven.de\/wp-content\/uploads\/2020\/07\/2-5-1024x489.jpg\" alt=\"\" class=\"wp-image-645\" srcset=\"https:\/\/kljb-oedekoven.de\/wp-content\/uploads\/2020\/07\/2-5-1024x489.jpg 1024w, https:\/\/kljb-oedekoven.de\/wp-content\/uploads\/2020\/07\/2-5-300x143.jpg 300w, https:\/\/kljb-oedekoven.de\/wp-content\/uploads\/2020\/07\/2-5-768x367.jpg 768w, https:\/\/kljb-oedekoven.de\/wp-content\/uploads\/2020\/07\/2-5-1536x733.jpg 1536w, https:\/\/kljb-oedekoven.de\/wp-content\/uploads\/2020\/07\/2-5-2048x978.jpg 2048w\" sizes=\"(max-width: 1024px) 100vw, 1024px\" \/><\/figure>\n\n\n\n<figure class=\"wp-block-image size-large\"><img loading=\"lazy\" width=\"1024\" height=\"614\" src=\"https:\/\/kljb-oedekoven.de\/wp-content\/uploads\/2020\/07\/3-4-1024x614.jpg\" alt=\"\" class=\"wp-image-646\" srcset=\"https:\/\/kljb-oedekoven.de\/wp-content\/uploads\/2020\/07\/3-4-1024x614.jpg 1024w, https:\/\/kljb-oedekoven.de\/wp-content\/uploads\/2020\/07\/3-4-300x180.jpg 300w, https:\/\/kljb-oedekoven.de\/wp-content\/uploads\/2020\/07\/3-4-768x461.jpg 768w, https:\/\/kljb-oedekoven.de\/wp-content\/uploads\/2020\/07\/3-4-1536x922.jpg 1536w, https:\/\/kljb-oedekoven.de\/wp-content\/uploads\/2020\/07\/3-4-2048x1229.jpg 2048w\" sizes=\"(max-width: 1024px) 100vw, 1024px\" \/><\/figure>\n","protected":false},"excerpt":{"rendered":"<p>Montag, 06.07.2020 Das Mysterium Bauwagen Unser Bauwagen ist unser ganzer Stolz. Er geh\u00f6rt unserer Ortsgruppe und wird von uns repariert, renoviert und instandgehalten. Der Bauwagen ist Dreh- und Angelpunkt auf dem ASP-Gel\u00e4nde. Dort sind immer Betreuer zu finden, die euch helfen k\u00f6nnen. Im Bauwagen haben Kinder keinen Zutritt. Es ist der R\u00fcckzugsort, den das Betreuer-Team [&hellip;]<\/p>\n","protected":false},"author":2,"featured_media":0,"parent":0,"menu_order":0,"comment_status":"closed","ping_status":"closed","template":"","meta":[],"_links":{"self":[{"href":"https:\/\/kljb-oedekoven.de\/index.php?rest_route=\/wp\/v2\/pages\/643"}],"collection":[{"href":"https:\/\/kljb-oedekoven.de\/index.php?rest_route=\/wp\/v2\/pages"}],"about":[{"href":"https:\/\/kljb-oedekoven.de\/index.php?rest_route=\/wp\/v2\/types\/page"}],"author":[{"embeddable":true,"href":"https:\/\/kljb-oedekoven.de\/index.php?rest_route=\/wp\/v2\/users\/2"}],"replies":[{"embeddable":true,"href":"https:\/\/kljb-oedekoven.de\/index.php?rest_route=%2Fwp%2Fv2%2Fcomments&post=643"}],"version-history":[{"count":2,"href":"https:\/\/kljb-oedekoven.de\/index.php?rest_route=\/wp\/v2\/pages\/643\/revisions"}],"predecessor-version":[{"id":649,"href":"https:\/\/kljb-oedekoven.de\/index.php?rest_route=\/wp\/v2\/pages\/643\/revisions\/649"}],"wp:attachment":[{"href":"https:\/\/kljb-oedekoven.de\/index.php?rest_route=%2Fwp%2Fv2%2Fmedia&parent=643"}],"curies":[{"name":"wp","href":"https:\/\/api.w.org\/{rel}","templated":true}]}}