{"id":650,"date":"2020-07-07T12:39:14","date_gmt":"2020-07-07T10:39:14","guid":{"rendered":"https:\/\/kljb-oedekoven.de\/?page_id=650"},"modified":"2020-07-07T12:41:42","modified_gmt":"2020-07-07T10:41:42","slug":"tag-9","status":"publish","type":"page","link":"https:\/\/kljb-oedekoven.de\/?page_id=650","title":{"rendered":"Tag 9"},"content":{"rendered":"\n<p><strong>Dienstag, 07.07.2020<\/strong> Der Betreuerturm und sein Team<\/p>\n\n\n\n<p>Der Betreuerturm ist jedes Jahr die h\u00f6chste Bude auf dem ASP.<\/p>\n\n\n\n<p>Denn der Betreuerturm markiert, wie hoch maximal gebaut werden darf. Keine Bude darf h\u00f6her sein. Das dient der Sicherheit beim Bauen. Au\u00dferdem ist er unser \u201eAussichtsturm\u201c. Dadurch k\u00f6nnen wir das Geschehen auf dem Platz \u00fcberblicken.<br>Jedes Jahr wird dort die selbstgebastelte ASP-Fahne und verschiedene Banner aufgehangen.<br>Gebaut wird der Turm von unserem Sicherheitsteam. Das besteht aus \u00e4lteren, erfahrenen Betreuern. Sie k\u00fcmmern sich nicht nur um den Bau des Betreuerturms, sondern \u00fcberpr\u00fcfen auch jeden Abend alle Buden auf lockere Bretter, herausstehende N\u00e4gel und Stabilit\u00e4t. Wer es bis ins Sicherheitsteam schafft, kann von sich behaupten, ein guter \u201eBudenbauer\u201c zu sein.<\/p>\n\n\n\n<figure class=\"wp-block-image size-large\"><img loading=\"lazy\" width=\"1024\" height=\"614\" src=\"https:\/\/kljb-oedekoven.de\/wp-content\/uploads\/2020\/07\/1-6-1024x614.jpg\" alt=\"\" class=\"wp-image-651\" srcset=\"https:\/\/kljb-oedekoven.de\/wp-content\/uploads\/2020\/07\/1-6-1024x614.jpg 1024w, https:\/\/kljb-oedekoven.de\/wp-content\/uploads\/2020\/07\/1-6-300x180.jpg 300w, https:\/\/kljb-oedekoven.de\/wp-content\/uploads\/2020\/07\/1-6-768x461.jpg 768w, https:\/\/kljb-oedekoven.de\/wp-content\/uploads\/2020\/07\/1-6-1536x922.jpg 1536w, https:\/\/kljb-oedekoven.de\/wp-content\/uploads\/2020\/07\/1-6-2048x1229.jpg 2048w\" sizes=\"(max-width: 1024px) 100vw, 1024px\" \/><\/figure>\n\n\n\n<figure class=\"wp-block-image size-large\"><img loading=\"lazy\" width=\"768\" height=\"1024\" src=\"https:\/\/kljb-oedekoven.de\/wp-content\/uploads\/2020\/07\/2-6-768x1024.jpg\" alt=\"\" class=\"wp-image-652\" srcset=\"https:\/\/kljb-oedekoven.de\/wp-content\/uploads\/2020\/07\/2-6-768x1024.jpg 768w, https:\/\/kljb-oedekoven.de\/wp-content\/uploads\/2020\/07\/2-6-225x300.jpg 225w, https:\/\/kljb-oedekoven.de\/wp-content\/uploads\/2020\/07\/2-6-1152x1536.jpg 1152w, https:\/\/kljb-oedekoven.de\/wp-content\/uploads\/2020\/07\/2-6-1536x2048.jpg 1536w, https:\/\/kljb-oedekoven.de\/wp-content\/uploads\/2020\/07\/2-6-scaled.jpg 1920w\" sizes=\"(max-width: 768px) 100vw, 768px\" \/><\/figure>\n\n\n\n<figure class=\"wp-block-image size-large\"><img loading=\"lazy\" width=\"683\" height=\"1024\" src=\"https:\/\/kljb-oedekoven.de\/wp-content\/uploads\/2020\/07\/3-5-683x1024.jpg\" alt=\"\" class=\"wp-image-653\" srcset=\"https:\/\/kljb-oedekoven.de\/wp-content\/uploads\/2020\/07\/3-5-683x1024.jpg 683w, https:\/\/kljb-oedekoven.de\/wp-content\/uploads\/2020\/07\/3-5-200x300.jpg 200w, https:\/\/kljb-oedekoven.de\/wp-content\/uploads\/2020\/07\/3-5-768x1152.jpg 768w, https:\/\/kljb-oedekoven.de\/wp-content\/uploads\/2020\/07\/3-5-1024x1536.jpg 1024w, https:\/\/kljb-oedekoven.de\/wp-content\/uploads\/2020\/07\/3-5-1365x2048.jpg 1365w, https:\/\/kljb-oedekoven.de\/wp-content\/uploads\/2020\/07\/3-5-scaled.jpg 1707w\" sizes=\"(max-width: 683px) 100vw, 683px\" \/><\/figure>\n\n\n\n<figure class=\"wp-block-image size-large\"><img loading=\"lazy\" width=\"768\" height=\"1024\" src=\"https:\/\/kljb-oedekoven.de\/wp-content\/uploads\/2020\/07\/4-4-768x1024.jpg\" alt=\"\" class=\"wp-image-657\" srcset=\"https:\/\/kljb-oedekoven.de\/wp-content\/uploads\/2020\/07\/4-4-768x1024.jpg 768w, https:\/\/kljb-oedekoven.de\/wp-content\/uploads\/2020\/07\/4-4-225x300.jpg 225w, https:\/\/kljb-oedekoven.de\/wp-content\/uploads\/2020\/07\/4-4-1152x1536.jpg 1152w, https:\/\/kljb-oedekoven.de\/wp-content\/uploads\/2020\/07\/4-4-1536x2048.jpg 1536w, https:\/\/kljb-oedekoven.de\/wp-content\/uploads\/2020\/07\/4-4-scaled.jpg 1920w\" sizes=\"(max-width: 768px) 100vw, 768px\" \/><\/figure>\n","protected":false},"excerpt":{"rendered":"<p>Dienstag, 07.07.2020 Der Betreuerturm und sein Team Der Betreuerturm ist jedes Jahr die h\u00f6chste Bude auf dem ASP. Denn der Betreuerturm markiert, wie hoch maximal gebaut werden darf. Keine Bude darf h\u00f6her sein. Das dient der Sicherheit beim Bauen. Au\u00dferdem ist er unser \u201eAussichtsturm\u201c. Dadurch k\u00f6nnen wir das Geschehen auf dem Platz \u00fcberblicken.Jedes Jahr wird [&hellip;]<\/p>\n","protected":false},"author":2,"featured_media":0,"parent":0,"menu_order":0,"comment_status":"closed","ping_status":"closed","template":"","meta":[],"_links":{"self":[{"href":"https:\/\/kljb-oedekoven.de\/index.php?rest_route=\/wp\/v2\/pages\/650"}],"collection":[{"href":"https:\/\/kljb-oedekoven.de\/index.php?rest_route=\/wp\/v2\/pages"}],"about":[{"href":"https:\/\/kljb-oedekoven.de\/index.php?rest_route=\/wp\/v2\/types\/page"}],"author":[{"embeddable":true,"href":"https:\/\/kljb-oedekoven.de\/index.php?rest_route=\/wp\/v2\/users\/2"}],"replies":[{"embeddable":true,"href":"https:\/\/kljb-oedekoven.de\/index.php?rest_route=%2Fwp%2Fv2%2Fcomments&post=650"}],"version-history":[{"count":2,"href":"https:\/\/kljb-oedekoven.de\/index.php?rest_route=\/wp\/v2\/pages\/650\/revisions"}],"predecessor-version":[{"id":658,"href":"https:\/\/kljb-oedekoven.de\/index.php?rest_route=\/wp\/v2\/pages\/650\/revisions\/658"}],"wp:attachment":[{"href":"https:\/\/kljb-oedekoven.de\/index.php?rest_route=%2Fwp%2Fv2%2Fmedia&parent=650"}],"curies":[{"name":"wp","href":"https:\/\/api.w.org\/{rel}","templated":true}]}}