{"id":659,"date":"2020-07-08T13:33:02","date_gmt":"2020-07-08T11:33:02","guid":{"rendered":"https:\/\/kljb-oedekoven.de\/?page_id=659"},"modified":"2020-07-08T13:33:02","modified_gmt":"2020-07-08T11:33:02","slug":"tag-10","status":"publish","type":"page","link":"https:\/\/kljb-oedekoven.de\/?page_id=659","title":{"rendered":"Tag 10"},"content":{"rendered":"\n<p><strong>Mittwoch, 08.07.2020<\/strong>: Die WM des ASPs<\/p>\n\n\n\n<p>Besondere Aufmerksamkeit bekommen unsere Sportturniere. Jedes Jahr werden von kleinen Betreuerteams ein Fu\u00dfballturnier, ein Basketballturnier und ein V\u00f6lkerballturnier organisiert.<\/p>\n\n\n\n<p>Zu denen meldet ihr euch in Mannschaften an und spielt in mehreren Runden gegeneinander. Der Sieger des Turniers darf im Finale gegen ein Team aus Betreuern antreten.<\/p>\n\n\n\n<p>Gerade das Fu\u00dfballturnier wird in diesem Rahmen immer in einem WM-Finale zelebriert. Alle Kinder versammeln sich dazu auf der Trib\u00fcne der Turnhalle und feuern die Spieler an.<\/p>\n\n\n\n<p>Das Betreuerteam spielt seit einigen Jahren nur noch in Trikots der Deutschen Nationalmannschaft und l\u00e4uft auf den Platz mit Einlaufkindern. Auch die Nationalhymne darf zu diesem Spektakel nicht fehlen. Das Ganze wird von einem Schiri gepfiffen, der manchmal ein bisschen parteiisch wirkt und wohl h\u00e4ufiger gegen die Betreuer pfeift. Vielleicht bilden wir uns das aber auch nur ein :p . Das Finale wird nat\u00fcrlich immer spektakul\u00e4r von uns kommentiert und mit spannender Musik untermalt. Am \u201eBunten Abend\u201c werden dann die ersten drei Pl\u00e4tze der jeweiligen Turniere auf die B\u00fchne gerufen und mit einer Urkunde belohnt.<\/p>\n\n\n\n<figure class=\"wp-block-image size-large\"><img loading=\"lazy\" width=\"1024\" height=\"499\" src=\"https:\/\/kljb-oedekoven.de\/wp-content\/uploads\/2020\/07\/1-8-1024x499.jpg\" alt=\"\" class=\"wp-image-661\" srcset=\"https:\/\/kljb-oedekoven.de\/wp-content\/uploads\/2020\/07\/1-8-1024x499.jpg 1024w, https:\/\/kljb-oedekoven.de\/wp-content\/uploads\/2020\/07\/1-8-300x146.jpg 300w, https:\/\/kljb-oedekoven.de\/wp-content\/uploads\/2020\/07\/1-8-768x374.jpg 768w, https:\/\/kljb-oedekoven.de\/wp-content\/uploads\/2020\/07\/1-8-1536x749.jpg 1536w, https:\/\/kljb-oedekoven.de\/wp-content\/uploads\/2020\/07\/1-8-2048x998.jpg 2048w\" sizes=\"(max-width: 1024px) 100vw, 1024px\" \/><\/figure>\n\n\n\n<figure class=\"wp-block-image size-large\"><img loading=\"lazy\" width=\"1024\" height=\"614\" src=\"https:\/\/kljb-oedekoven.de\/wp-content\/uploads\/2020\/07\/2-7-1024x614.jpg\" alt=\"\" class=\"wp-image-662\" srcset=\"https:\/\/kljb-oedekoven.de\/wp-content\/uploads\/2020\/07\/2-7-1024x614.jpg 1024w, https:\/\/kljb-oedekoven.de\/wp-content\/uploads\/2020\/07\/2-7-300x180.jpg 300w, https:\/\/kljb-oedekoven.de\/wp-content\/uploads\/2020\/07\/2-7-768x461.jpg 768w, https:\/\/kljb-oedekoven.de\/wp-content\/uploads\/2020\/07\/2-7-1536x922.jpg 1536w, https:\/\/kljb-oedekoven.de\/wp-content\/uploads\/2020\/07\/2-7-2048x1229.jpg 2048w\" sizes=\"(max-width: 1024px) 100vw, 1024px\" \/><\/figure>\n\n\n\n<figure class=\"wp-block-image size-large\"><img loading=\"lazy\" width=\"1024\" height=\"527\" src=\"https:\/\/kljb-oedekoven.de\/wp-content\/uploads\/2020\/07\/3-6-1024x527.jpg\" alt=\"\" class=\"wp-image-663\" srcset=\"https:\/\/kljb-oedekoven.de\/wp-content\/uploads\/2020\/07\/3-6-1024x527.jpg 1024w, https:\/\/kljb-oedekoven.de\/wp-content\/uploads\/2020\/07\/3-6-300x154.jpg 300w, https:\/\/kljb-oedekoven.de\/wp-content\/uploads\/2020\/07\/3-6-768x395.jpg 768w, https:\/\/kljb-oedekoven.de\/wp-content\/uploads\/2020\/07\/3-6-1536x790.jpg 1536w, https:\/\/kljb-oedekoven.de\/wp-content\/uploads\/2020\/07\/3-6-2048x1053.jpg 2048w\" sizes=\"(max-width: 1024px) 100vw, 1024px\" \/><\/figure>\n\n\n\n<figure class=\"wp-block-image size-large\"><img loading=\"lazy\" width=\"1024\" height=\"764\" src=\"https:\/\/kljb-oedekoven.de\/wp-content\/uploads\/2020\/07\/4-5-1024x764.jpg\" alt=\"\" class=\"wp-image-664\" srcset=\"https:\/\/kljb-oedekoven.de\/wp-content\/uploads\/2020\/07\/4-5-1024x764.jpg 1024w, https:\/\/kljb-oedekoven.de\/wp-content\/uploads\/2020\/07\/4-5-300x224.jpg 300w, https:\/\/kljb-oedekoven.de\/wp-content\/uploads\/2020\/07\/4-5-768x573.jpg 768w, https:\/\/kljb-oedekoven.de\/wp-content\/uploads\/2020\/07\/4-5-1536x1146.jpg 1536w, https:\/\/kljb-oedekoven.de\/wp-content\/uploads\/2020\/07\/4-5-2048x1528.jpg 2048w\" sizes=\"(max-width: 1024px) 100vw, 1024px\" \/><\/figure>\n\n\n\n<figure class=\"wp-block-image size-large\"><img loading=\"lazy\" width=\"1024\" height=\"682\" src=\"https:\/\/kljb-oedekoven.de\/wp-content\/uploads\/2020\/07\/5-1024x682.jpg\" alt=\"\" class=\"wp-image-665\" srcset=\"https:\/\/kljb-oedekoven.de\/wp-content\/uploads\/2020\/07\/5-1024x682.jpg 1024w, https:\/\/kljb-oedekoven.de\/wp-content\/uploads\/2020\/07\/5-300x200.jpg 300w, https:\/\/kljb-oedekoven.de\/wp-content\/uploads\/2020\/07\/5-768x511.jpg 768w, https:\/\/kljb-oedekoven.de\/wp-content\/uploads\/2020\/07\/5-1536x1022.jpg 1536w, https:\/\/kljb-oedekoven.de\/wp-content\/uploads\/2020\/07\/5-2048x1363.jpg 2048w\" sizes=\"(max-width: 1024px) 100vw, 1024px\" \/><\/figure>\n","protected":false},"excerpt":{"rendered":"<p>Mittwoch, 08.07.2020: Die WM des ASPs Besondere Aufmerksamkeit bekommen unsere Sportturniere. Jedes Jahr werden von kleinen Betreuerteams ein Fu\u00dfballturnier, ein Basketballturnier und ein V\u00f6lkerballturnier organisiert. Zu denen meldet ihr euch in Mannschaften an und spielt in mehreren Runden gegeneinander. Der Sieger des Turniers darf im Finale gegen ein Team aus Betreuern antreten. Gerade das Fu\u00dfballturnier [&hellip;]<\/p>\n","protected":false},"author":2,"featured_media":0,"parent":0,"menu_order":0,"comment_status":"closed","ping_status":"closed","template":"","meta":[],"_links":{"self":[{"href":"https:\/\/kljb-oedekoven.de\/index.php?rest_route=\/wp\/v2\/pages\/659"}],"collection":[{"href":"https:\/\/kljb-oedekoven.de\/index.php?rest_route=\/wp\/v2\/pages"}],"about":[{"href":"https:\/\/kljb-oedekoven.de\/index.php?rest_route=\/wp\/v2\/types\/page"}],"author":[{"embeddable":true,"href":"https:\/\/kljb-oedekoven.de\/index.php?rest_route=\/wp\/v2\/users\/2"}],"replies":[{"embeddable":true,"href":"https:\/\/kljb-oedekoven.de\/index.php?rest_route=%2Fwp%2Fv2%2Fcomments&post=659"}],"version-history":[{"count":1,"href":"https:\/\/kljb-oedekoven.de\/index.php?rest_route=\/wp\/v2\/pages\/659\/revisions"}],"predecessor-version":[{"id":666,"href":"https:\/\/kljb-oedekoven.de\/index.php?rest_route=\/wp\/v2\/pages\/659\/revisions\/666"}],"wp:attachment":[{"href":"https:\/\/kljb-oedekoven.de\/index.php?rest_route=%2Fwp%2Fv2%2Fmedia&parent=659"}],"curies":[{"name":"wp","href":"https:\/\/api.w.org\/{rel}","templated":true}]}}