{"id":668,"date":"2020-07-09T10:45:17","date_gmt":"2020-07-09T08:45:17","guid":{"rendered":"https:\/\/kljb-oedekoven.de\/?page_id=668"},"modified":"2020-07-09T10:45:18","modified_gmt":"2020-07-09T08:45:18","slug":"tag-11","status":"publish","type":"page","link":"https:\/\/kljb-oedekoven.de\/?page_id=668","title":{"rendered":"Tag 11"},"content":{"rendered":"\n<p><strong>Donnerstag, 09.07.2020<\/strong> Der Bunter Abend und die \u00dcbernachtung<\/p>\n\n\n\n<p>Das Highlight jedes ASPs ist der \u201eBunte Abend\u201c mit der \u00dcbernachtung.<\/p>\n\n\n\n<p>Jedes Jahr d\u00fcrft ihr noch bis Mittag eure Buden zu Ende bauen. Wir schlie\u00dfen mit euch die letzten L\u00fccken, machen Decken sicher und gucken, dass jeder einen Schlafplatz findet.<\/p>\n\n\n\n<p>Mittags geht ihr dann noch mal nach Hause, um eure Sachen f\u00fcr den Abend zu packen.<\/p>\n\n\n\n<p>In diesem Zeitraum bereiten wir alles f\u00fcr diesen besonderen Abend vor. Das ist der aufregendste Zeitraum des gesamten ASPs. Wir kontrollieren noch mal alle Buden, r\u00e4umen den Platz auf, organisieren das Abendessen und das Fr\u00fchst\u00fcck f\u00fcr den n\u00e4chsten Morgen, bauen die B\u00fchne f\u00fcr den Bunten Abend auf, k\u00fcmmern uns um das gesamte Abendprogramm und versuchen uns zwischen all den Aufgaben selbst noch f\u00fcr den Abend herzurichten und uns in unsere Partyoutfits zu schmei\u00dfen.<\/p>\n\n\n\n<p>Am Abend steht ihr dann alle wieder p\u00fcnktlich auf der Matte. Wir beginnen mit einem k\u00f6stlichen Buffett, zu dem eure Eltern immer einen tollen Beitrag leisten. Anschlie\u00dfend d\u00fcrft ihr endlich in den Bereich der Turnhalle, in dem wir die B\u00fchne aufgebaut haben. Dann startet der Bunte Abend mit Spielen, bei denen wir gegen euch antreten. Und dann gibt es die traditionelle \u00dcberraschung. Mal ist es eine Popcornmaschine, mal sind es S\u00fc\u00dfigkeitent\u00fcten, mal eine H\u00fcpfburg oder ein Ballonregen.<\/p>\n\n\n\n<p>Wenn die Party vorbei ist geht, es zum Schlafen in die Buden, soweit es das Wetter zul\u00e4sst. Wir sind sehr dankbar daf\u00fcr, dass es am Bunten Abend selten regnet und ihr somit fast nie in der Halle schlafen m\u00fcsst.<\/p>\n\n\n\n<p>Wir Betreuer werden an dem Abend in kleine Teams auf die Buden aufgeteilt. Diese Teams sind dann die Ansprechpartner f\u00fcr den gesamten Abend, eure sog. \u201eBudenbetreuer\u201c. Wir k\u00fcmmern uns darum, eure Schlafsachen zu verstauen und am Ende auch wiederzufinden, gehen mit euch Z\u00e4hneputzen und bringen euch ins Bett.<br>W\u00e4hrend ihr in euren Buden schlaft, passt unsere Nachtwache auf euch auf. Bis ihr am n\u00e4chsten Morgen beim ersten Sonnenstrahl schon wieder in euren Schlafs\u00e4cken sitzt und euch sicher seid, dass ihr die Nacht durchgemacht und keine Sekunde geschlafen habt :p<\/p>\n\n\n\n<p>Eure Budenbetreuer holen euch dann morgens zum gemeinsamen Fr\u00fchst\u00fcck ab, das wieder ein Buffet mit tollen K\u00f6stlichkeiten eurer Eltern ist. Anschlie\u00dfend kommt der f\u00fcr alle schwerste Moment des ASPs. Wir m\u00fcssen uns von euch verabschieden und das f\u00e4llt auch uns so schwer, dass auch wir mal ein Tr\u00e4nchen verdr\u00fccken.<\/p>\n\n\n\n<figure class=\"wp-block-image size-large\"><img loading=\"lazy\" width=\"1024\" height=\"683\" src=\"https:\/\/kljb-oedekoven.de\/wp-content\/uploads\/2020\/07\/1-9-1024x683.jpg\" alt=\"\" class=\"wp-image-669\" srcset=\"https:\/\/kljb-oedekoven.de\/wp-content\/uploads\/2020\/07\/1-9-1024x683.jpg 1024w, https:\/\/kljb-oedekoven.de\/wp-content\/uploads\/2020\/07\/1-9-300x200.jpg 300w, https:\/\/kljb-oedekoven.de\/wp-content\/uploads\/2020\/07\/1-9-768x512.jpg 768w, https:\/\/kljb-oedekoven.de\/wp-content\/uploads\/2020\/07\/1-9-1536x1024.jpg 1536w, https:\/\/kljb-oedekoven.de\/wp-content\/uploads\/2020\/07\/1-9-2048x1365.jpg 2048w\" sizes=\"(max-width: 1024px) 100vw, 1024px\" \/><\/figure>\n\n\n\n<figure class=\"wp-block-image size-large\"><img loading=\"lazy\" width=\"1024\" height=\"683\" src=\"https:\/\/kljb-oedekoven.de\/wp-content\/uploads\/2020\/07\/2-8-1024x683.jpg\" alt=\"\" class=\"wp-image-670\" srcset=\"https:\/\/kljb-oedekoven.de\/wp-content\/uploads\/2020\/07\/2-8-1024x683.jpg 1024w, https:\/\/kljb-oedekoven.de\/wp-content\/uploads\/2020\/07\/2-8-300x200.jpg 300w, https:\/\/kljb-oedekoven.de\/wp-content\/uploads\/2020\/07\/2-8-768x512.jpg 768w, https:\/\/kljb-oedekoven.de\/wp-content\/uploads\/2020\/07\/2-8-1536x1024.jpg 1536w, https:\/\/kljb-oedekoven.de\/wp-content\/uploads\/2020\/07\/2-8-2048x1365.jpg 2048w\" sizes=\"(max-width: 1024px) 100vw, 1024px\" \/><\/figure>\n\n\n\n<figure class=\"wp-block-image size-large\"><img loading=\"lazy\" width=\"1024\" height=\"683\" src=\"https:\/\/kljb-oedekoven.de\/wp-content\/uploads\/2020\/07\/3-7-1024x683.jpg\" alt=\"\" class=\"wp-image-671\" srcset=\"https:\/\/kljb-oedekoven.de\/wp-content\/uploads\/2020\/07\/3-7-1024x683.jpg 1024w, https:\/\/kljb-oedekoven.de\/wp-content\/uploads\/2020\/07\/3-7-300x200.jpg 300w, https:\/\/kljb-oedekoven.de\/wp-content\/uploads\/2020\/07\/3-7-768x512.jpg 768w, https:\/\/kljb-oedekoven.de\/wp-content\/uploads\/2020\/07\/3-7-1536x1024.jpg 1536w, https:\/\/kljb-oedekoven.de\/wp-content\/uploads\/2020\/07\/3-7-2048x1365.jpg 2048w\" sizes=\"(max-width: 1024px) 100vw, 1024px\" \/><\/figure>\n\n\n\n<figure class=\"wp-block-image size-large\"><img loading=\"lazy\" width=\"683\" height=\"1024\" src=\"https:\/\/kljb-oedekoven.de\/wp-content\/uploads\/2020\/07\/4-6-683x1024.jpg\" alt=\"\" class=\"wp-image-672\" srcset=\"https:\/\/kljb-oedekoven.de\/wp-content\/uploads\/2020\/07\/4-6-683x1024.jpg 683w, https:\/\/kljb-oedekoven.de\/wp-content\/uploads\/2020\/07\/4-6-200x300.jpg 200w, https:\/\/kljb-oedekoven.de\/wp-content\/uploads\/2020\/07\/4-6-768x1152.jpg 768w, https:\/\/kljb-oedekoven.de\/wp-content\/uploads\/2020\/07\/4-6-1024x1536.jpg 1024w, https:\/\/kljb-oedekoven.de\/wp-content\/uploads\/2020\/07\/4-6-1365x2048.jpg 1365w, https:\/\/kljb-oedekoven.de\/wp-content\/uploads\/2020\/07\/4-6-scaled.jpg 1707w\" sizes=\"(max-width: 683px) 100vw, 683px\" \/><\/figure>\n\n\n\n<figure class=\"wp-block-image size-large\"><img loading=\"lazy\" width=\"1024\" height=\"683\" src=\"https:\/\/kljb-oedekoven.de\/wp-content\/uploads\/2020\/07\/5-1-1024x683.jpg\" alt=\"\" class=\"wp-image-673\" srcset=\"https:\/\/kljb-oedekoven.de\/wp-content\/uploads\/2020\/07\/5-1-1024x683.jpg 1024w, https:\/\/kljb-oedekoven.de\/wp-content\/uploads\/2020\/07\/5-1-300x200.jpg 300w, https:\/\/kljb-oedekoven.de\/wp-content\/uploads\/2020\/07\/5-1-768x512.jpg 768w, https:\/\/kljb-oedekoven.de\/wp-content\/uploads\/2020\/07\/5-1-1536x1024.jpg 1536w, https:\/\/kljb-oedekoven.de\/wp-content\/uploads\/2020\/07\/5-1-2048x1365.jpg 2048w\" sizes=\"(max-width: 1024px) 100vw, 1024px\" \/><\/figure>\n\n\n\n<figure class=\"wp-block-image size-large\"><img loading=\"lazy\" width=\"1024\" height=\"768\" src=\"https:\/\/kljb-oedekoven.de\/wp-content\/uploads\/2020\/07\/6-1024x768.jpg\" alt=\"\" class=\"wp-image-674\" srcset=\"https:\/\/kljb-oedekoven.de\/wp-content\/uploads\/2020\/07\/6-1024x768.jpg 1024w, https:\/\/kljb-oedekoven.de\/wp-content\/uploads\/2020\/07\/6-300x225.jpg 300w, https:\/\/kljb-oedekoven.de\/wp-content\/uploads\/2020\/07\/6-768x576.jpg 768w, https:\/\/kljb-oedekoven.de\/wp-content\/uploads\/2020\/07\/6-1536x1152.jpg 1536w, https:\/\/kljb-oedekoven.de\/wp-content\/uploads\/2020\/07\/6-2048x1536.jpg 2048w\" sizes=\"(max-width: 1024px) 100vw, 1024px\" \/><\/figure>\n","protected":false},"excerpt":{"rendered":"<p>Donnerstag, 09.07.2020 Der Bunter Abend und die \u00dcbernachtung Das Highlight jedes ASPs ist der \u201eBunte Abend\u201c mit der \u00dcbernachtung. Jedes Jahr d\u00fcrft ihr noch bis Mittag eure Buden zu Ende bauen. Wir schlie\u00dfen mit euch die letzten L\u00fccken, machen Decken sicher und gucken, dass jeder einen Schlafplatz findet. Mittags geht ihr dann noch mal nach [&hellip;]<\/p>\n","protected":false},"author":2,"featured_media":0,"parent":0,"menu_order":0,"comment_status":"closed","ping_status":"closed","template":"","meta":[],"_links":{"self":[{"href":"https:\/\/kljb-oedekoven.de\/index.php?rest_route=\/wp\/v2\/pages\/668"}],"collection":[{"href":"https:\/\/kljb-oedekoven.de\/index.php?rest_route=\/wp\/v2\/pages"}],"about":[{"href":"https:\/\/kljb-oedekoven.de\/index.php?rest_route=\/wp\/v2\/types\/page"}],"author":[{"embeddable":true,"href":"https:\/\/kljb-oedekoven.de\/index.php?rest_route=\/wp\/v2\/users\/2"}],"replies":[{"embeddable":true,"href":"https:\/\/kljb-oedekoven.de\/index.php?rest_route=%2Fwp%2Fv2%2Fcomments&post=668"}],"version-history":[{"count":1,"href":"https:\/\/kljb-oedekoven.de\/index.php?rest_route=\/wp\/v2\/pages\/668\/revisions"}],"predecessor-version":[{"id":675,"href":"https:\/\/kljb-oedekoven.de\/index.php?rest_route=\/wp\/v2\/pages\/668\/revisions\/675"}],"wp:attachment":[{"href":"https:\/\/kljb-oedekoven.de\/index.php?rest_route=%2Fwp%2Fv2%2Fmedia&parent=668"}],"curies":[{"name":"wp","href":"https:\/\/api.w.org\/{rel}","templated":true}]}}