{"id":692,"date":"2020-07-11T11:53:35","date_gmt":"2020-07-11T09:53:35","guid":{"rendered":"https:\/\/kljb-oedekoven.de\/?page_id=692"},"modified":"2020-07-11T13:45:56","modified_gmt":"2020-07-11T11:45:56","slug":"tag-13","status":"publish","type":"page","link":"https:\/\/kljb-oedekoven.de\/?page_id=692","title":{"rendered":"Tag 13"},"content":{"rendered":"\n<p><strong>Samstag, 11.07.2020<\/strong> Die letzten Minuten auf dem ASP-Gel\u00e4nde<\/p>\n\n\n\n<p>Da unser Abbau mehrere Tage dauert, verbringen wir meist auch noch das gesamte Wochenende auf dem Platz.<\/p>\n\n\n\n<p>Es sind die letzten Minuten, in denen wir die allerletzten Sachen vom Platz tragen.<\/p>\n\n\n\n<p>Wir sind m\u00fcde von zwei Wochen Kinderbetreuung mit 200 Kindern. Wir sind ersch\u00f6pft, weil wir zwei Wochen zu wenig geschlafen haben. Wir sind ausgepowert, weil wir uns zwei Wochen dauerhaft unter freiem Himmel aufgehalten haben. Aber wir sind unfassbar gl\u00fccklich.<\/p>\n\n\n\n<p>Weil wir zwei Wochen Abenteuer und Herausforderung erlebt haben. Weil wir zwei Wochen aus dem Alltag verschwunden sind. Weil wir Sorgen hatten wie \u201eBude 5 hat heute Abend nicht aufger\u00e4umt\u201c, \u201eDer Eistee ist leer\u201c, und \u201eDer kleine Felix findet seinen Hammer nicht\u201c, die unsere Alltagssorgen so winzig erscheinen lassen. Weil wir zwei Wochen lang in einer ganz besonderen Gemeinschaft gelebt haben, sowohl mit den Kindern als auch mit den Betreuern.<\/p>\n\n\n\n<p>Wir k\u00f6nnten nach den zwei Wochen alle eine Woche Urlaub gebrauchen, doch der folgt nicht bei jedem von uns. Viele der \u00e4lteren Betreuer studieren, sind in der Ausbildung oder schon berufst\u00e4tig. Sie nehmen sich f\u00fcr den ASP frei, opfern Urlaubswochen, beantragen Sonderurlaub, verschieben Klausuren oder nehmen ihr Lernmaterial einfach mit auf den Platz. Und das machen sie gerne, denn f\u00fcr viele ist der ASP fester Bestandteil ihres Sommers.<\/p>\n\n\n\n<p>Und somit sind wir jedes Jahr nach den zwei Wochen gerne wieder v\u00f6llig k. o. ?<\/p>\n\n\n\n<p>Wir lassen den letzten Abend gerne noch gemeinsam ausklingen, bis auch wir uns vom Platz verabschieden und sagen \u201eTsch\u00fcss. Bis zum n\u00e4chsten Jahr\u201c.<\/p>\n\n\n\n<p>Und das m\u00f6chten wir auch euch sagen!<\/p>\n\n\n\n<p>Bleibt gesund und hoffentlich bis zum n\u00e4chsten Jahr! <\/p>\n\n\n\n<p>Eure Betreuer<\/p>\n\n\n\n<figure class=\"wp-block-image size-large\"><img loading=\"lazy\" width=\"1024\" height=\"614\" src=\"https:\/\/kljb-oedekoven.de\/wp-content\/uploads\/2020\/07\/1-11-1024x614.jpg\" alt=\"\" class=\"wp-image-693\" srcset=\"https:\/\/kljb-oedekoven.de\/wp-content\/uploads\/2020\/07\/1-11-1024x614.jpg 1024w, https:\/\/kljb-oedekoven.de\/wp-content\/uploads\/2020\/07\/1-11-300x180.jpg 300w, https:\/\/kljb-oedekoven.de\/wp-content\/uploads\/2020\/07\/1-11-768x461.jpg 768w, https:\/\/kljb-oedekoven.de\/wp-content\/uploads\/2020\/07\/1-11-1536x921.jpg 1536w, https:\/\/kljb-oedekoven.de\/wp-content\/uploads\/2020\/07\/1-11-2048x1229.jpg 2048w\" sizes=\"(max-width: 1024px) 100vw, 1024px\" \/><\/figure>\n\n\n\n<figure class=\"wp-block-image size-large\"><img loading=\"lazy\" width=\"1024\" height=\"615\" src=\"https:\/\/kljb-oedekoven.de\/wp-content\/uploads\/2020\/07\/2-10-1024x615.jpg\" alt=\"\" class=\"wp-image-694\" srcset=\"https:\/\/kljb-oedekoven.de\/wp-content\/uploads\/2020\/07\/2-10-1024x615.jpg 1024w, https:\/\/kljb-oedekoven.de\/wp-content\/uploads\/2020\/07\/2-10-300x180.jpg 300w, https:\/\/kljb-oedekoven.de\/wp-content\/uploads\/2020\/07\/2-10-768x461.jpg 768w, https:\/\/kljb-oedekoven.de\/wp-content\/uploads\/2020\/07\/2-10-1536x922.jpg 1536w, https:\/\/kljb-oedekoven.de\/wp-content\/uploads\/2020\/07\/2-10-2048x1229.jpg 2048w\" sizes=\"(max-width: 1024px) 100vw, 1024px\" \/><\/figure>\n","protected":false},"excerpt":{"rendered":"<p>Samstag, 11.07.2020 Die letzten Minuten auf dem ASP-Gel\u00e4nde Da unser Abbau mehrere Tage dauert, verbringen wir meist auch noch das gesamte Wochenende auf dem Platz. Es sind die letzten Minuten, in denen wir die allerletzten Sachen vom Platz tragen. Wir sind m\u00fcde von zwei Wochen Kinderbetreuung mit 200 Kindern. Wir sind ersch\u00f6pft, weil wir zwei [&hellip;]<\/p>\n","protected":false},"author":2,"featured_media":0,"parent":0,"menu_order":0,"comment_status":"closed","ping_status":"closed","template":"","meta":[],"_links":{"self":[{"href":"https:\/\/kljb-oedekoven.de\/index.php?rest_route=\/wp\/v2\/pages\/692"}],"collection":[{"href":"https:\/\/kljb-oedekoven.de\/index.php?rest_route=\/wp\/v2\/pages"}],"about":[{"href":"https:\/\/kljb-oedekoven.de\/index.php?rest_route=\/wp\/v2\/types\/page"}],"author":[{"embeddable":true,"href":"https:\/\/kljb-oedekoven.de\/index.php?rest_route=\/wp\/v2\/users\/2"}],"replies":[{"embeddable":true,"href":"https:\/\/kljb-oedekoven.de\/index.php?rest_route=%2Fwp%2Fv2%2Fcomments&post=692"}],"version-history":[{"count":2,"href":"https:\/\/kljb-oedekoven.de\/index.php?rest_route=\/wp\/v2\/pages\/692\/revisions"}],"predecessor-version":[{"id":697,"href":"https:\/\/kljb-oedekoven.de\/index.php?rest_route=\/wp\/v2\/pages\/692\/revisions\/697"}],"wp:attachment":[{"href":"https:\/\/kljb-oedekoven.de\/index.php?rest_route=%2Fwp%2Fv2%2Fmedia&parent=692"}],"curies":[{"name":"wp","href":"https:\/\/api.w.org\/{rel}","templated":true}]}}